{"id":10536,"date":"2020-06-29T11:43:59","date_gmt":"2020-06-29T09:43:59","guid":{"rendered":"https:\/\/www.angellelui.ch\/new\/?page_id=10536"},"modified":"2021-07-09T09:06:53","modified_gmt":"2021-07-09T07:06:53","slug":"hollywood-peel","status":"publish","type":"page","link":"https:\/\/www.angellelui.ch\/new\/hollywood-peel\/","title":{"rendered":"Hollywood peel"},"content":{"rendered":"<div class=\"wpb-content-wrapper\">[vc_row row_type=\u00a0\u00bbrow\u00a0\u00bb text_align=\u00a0\u00bbleft\u00a0\u00bb css_animation=\u00a0\u00bb\u00a0\u00bb][vc_column][vc_column_text]\n<h1>Le Hollywood Peel ou laser carbon<\/h1>\n<p>Le Hollywood Peel carbon laser \u00e0 votre institut Ang\u2019Elle &amp; Lui \u00e0 Gland.<\/p>\n<p>Ce traitement particuli\u00e8rement doux est sans danger pour pratiquement tous les types de peaux et ne n\u00e9cessite pas d\u2019 \u00e9viction sociale.Il uniformise le teint de votre peau,\u00a0r\u00e9duit l\u2019apparence des pigments, des ridules et des cicatrices d\u2019acn\u00e9,<br \/>\nVotre peau va se tendre et para\u00eetre plus jeune. Il peut \u00eatre combin\u00e9 a un traitement de photorajeunissement \u00a0ou <a href=\"https:\/\/www.angellelui.ch\/new\/le-bb-glow-et-micro-needling\/\">un BB Glow<\/a> pour un r\u00e9sultat encore plus prononc\u00e9.<br \/>\nIl n\u2019y a aucune contre-indication \u00e0 r\u00e9p\u00e9ter le traitement pour en amplifier les effets. La lumi\u00e8re du laser est absorb\u00e9e par une couche de p\u00e2te de carbone et d\u00e9livre ainsi son effet, \u00e9liminant les impuret\u00e9s des pores et stimulant le renouvellement du collag\u00e8ne.<\/p>\n<p>Le rajeunissement de votre peau au laser carbone, aussi connu comme \u00ab Hollywood Peel \u00bb ou \u00ab midi lifting \u00bb \u00a0 \u00a0 (car on peut l\u2019effectuer a l\u2019heure du d\u00e9jeuner et repartir travailler) est un des soins du visage les plus avanc\u00e9s disponibles pour r\u00e9duire l\u2019apparence des rides, ridules, taches, cicatrices d\u2019acn\u00e9, points noirs et blancs, att\u00e9nuer la s\u00e9cr\u00e9tion de s\u00e9bum. J&rsquo;ai le grand plaisir de pouvoir vous le faire d\u00e9couvrir maintenant!<\/p>\n<p>&nbsp;<\/p>\n<h1>Comment se d\u00e9roule une s\u00e9ance?<\/h1>\n<p>Le traitement Hollywood Peel consiste \u00e0 appliquer une pr\u00e9paration \u00e0 base de charbon actif et d\u2019huile calmante pour la peau. Je vous laisse avec le masque au charbon le temps qu\u2019il s\u00e8che l\u00e9g\u00e8rement. Je passe ensuite avec le Laser sur toute votre peau pour chauffer le carbone et\u00a0la couche superficielle de la peau.\u00a0Les \u00e9tapes suivantes provoquent la vaporisation du carbone, avec l\u2019\u00e9limination d\u2019une fine couche superficielle de peau de 15-30 microns.<\/p>\n<p>L\u2019\u00e9nergie du laser fonctionne de deux fa\u00e7ons:<\/p>\n<p>Tout d\u2019abord, il brise d\u00e9licatement le pigment de la peau en petites particules qui peuvent ensuite \u00eatre \u00e9limin\u00e9es naturellement par le corps. Ensuite, la chaleur profonde dans le derme provoque la contraction et la stimulation du collag\u00e8ne.<\/p>\n<p>Votre peau est lumineuse et radieuse, <u>sans avoir besoin de temps de r\u00e9cup\u00e9ration.<\/u><\/p>\n<p>Le r\u00e9sultat de votre traitement HOLLYWOOD PEEL est:<\/p>\n<p>Votre grain de peau d\u2019apparence lumineux et jeune, une\u00a0am\u00e9lioration du teint g\u00e9n\u00e9ral de votre peau.\u00a0R\u00e9duit ou \u00e9limine votre pigmentation de la peau.\u00a0 Une v\u00e9ritable sensation de douceur.\u00a0Diminution de l\u2019apparence des ridules et des cicatrices d\u2019acn\u00e9 et r\u00e9duction des pores dilat\u00e9s.\u00a0VotreTeint est uniforme.<\/p>\n<p>&nbsp;<\/p>\n<p>Le prix d\u2019une s\u00e9ance est de 250.-<\/p>\n<p><a href=\"https:\/\/www.angellelui.ch\/new\/hollywood-peel-a-votre-institut-angelle-lui-a-gland\/\">Si vous faites un traitement complet de 4 \u00e0 5 s\u00e9ances, vous b\u00e9n\u00e9ficiez \u00e0 partir de la troisi\u00e8me s\u00e9ance de 50.- de r\u00e9duction sur votre s\u00e9ance.<\/a><\/p>\n<p>&nbsp;<\/p>\n[\/vc_column_text][vc_separator type=\u00a0\u00bbtransparent\u00a0\u00bb down=\u00a0\u00bb30&Prime;]<a href=\"https:\/\/salonkee.ch\/salon\/ang-elle-lui?lang=fr\" target=\"_self\" class=\"qbutton \" style=\"\">Prendre un rendez-vous<\/a>[vc_separator type=\u00a0\u00bbtransparent\u00a0\u00bb down=\u00a0\u00bb30&Prime;][\/vc_column][\/vc_row]\n<\/div>","protected":false},"excerpt":{"rendered":"<p>[vc_row row_type=\u00a0\u00bbrow\u00a0\u00bb text_align=\u00a0\u00bbleft\u00a0\u00bb css_animation=\u00a0\u00bb\u00a0\u00bb][vc_column][vc_column_text] Le Hollywood Peel ou laser carbon Le Hollywood Peel carbon laser \u00e0 votre institut Ang\u2019Elle &amp; Lui \u00e0 Gland. Ce traitement particuli\u00e8rement doux est sans danger pour pratiquement tous les types de peaux et ne n\u00e9cessite pas d\u2019 \u00e9viction sociale.Il uniformise&#8230;<\/p>\n","protected":false},"author":1,"featured_media":10540,"parent":0,"menu_order":0,"comment_status":"closed","ping_status":"closed","template":"","meta":{"footnotes":""},"class_list":["post-10536","page","type-page","status-publish","has-post-thumbnail","hentry"],"yoast_head":"<!-- This site is optimized with the Yoast SEO plugin v27.4 - https:\/\/yoast.com\/product\/yoast-seo-wordpress\/ -->\n<title>Hollywood peel Institut de beaut\u00e9 Ang&#039;Elle &amp; Lui \u00e0 Gland<\/title>\n<meta name=\"description\" content=\"Le traitement Hollywood Peel consiste \u00e0 appliquer une pr\u00e9paration \u00e0 base de charbon actif et d\u2019huile calmante pour la peau. Le masque au charbon s\u00e8che l\u00e9g\u00e8rement. Le carbone est absorb\u00e9 par la couche superficielle de la peau.\" \/>\n<meta name=\"robots\" content=\"index, follow, max-snippet:-1, max-image-preview:large, max-video-preview:-1\" \/>\n<link rel=\"canonical\" href=\"https:\/\/www.angellelui.ch\/new\/hollywood-peel\/\" \/>\n<meta property=\"og:locale\" content=\"fr_FR\" \/>\n<meta property=\"og:type\" content=\"article\" \/>\n<meta property=\"og:title\" content=\"Hollywood peel Institut de beaut\u00e9 Ang&#039;Elle &amp; Lui \u00e0 Gland\" \/>\n<meta property=\"og:description\" content=\"Le traitement Hollywood Peel consiste \u00e0 appliquer une pr\u00e9paration \u00e0 base de charbon actif et d\u2019huile calmante pour la peau. Le masque au charbon s\u00e8che l\u00e9g\u00e8rement. Le carbone est absorb\u00e9 par la couche superficielle de la peau.\" \/>\n<meta property=\"og:url\" content=\"https:\/\/www.angellelui.ch\/new\/hollywood-peel\/\" \/>\n<meta property=\"og:site_name\" content=\"Ang&#039;elle &amp; lui \u00e0 Gland\" \/>\n<meta property=\"article:publisher\" content=\"https:\/\/www.facebook.com\/AngelleluiVanessa\/\" \/>\n<meta property=\"article:modified_time\" content=\"2021-07-09T07:06:53+00:00\" \/>\n<meta property=\"og:image\" content=\"https:\/\/www.angellelui.ch\/new\/wp-content\/uploads\/2020\/06\/Hollywood-peel-Gland.jpg\" \/>\n\t<meta property=\"og:image:width\" content=\"512\" \/>\n\t<meta property=\"og:image:height\" content=\"273\" \/>\n\t<meta property=\"og:image:type\" content=\"image\/jpeg\" \/>\n<meta name=\"twitter:label1\" content=\"Dur\u00e9e de lecture estim\u00e9e\" \/>\n\t<meta name=\"twitter:data1\" content=\"3 minutes\" \/>\n<script type=\"application\/ld+json\" class=\"yoast-schema-graph\">{\"@context\":\"https:\\\/\\\/schema.org\",\"@graph\":[{\"@type\":\"WebPage\",\"@id\":\"https:\\\/\\\/www.angellelui.ch\\\/new\\\/hollywood-peel\\\/\",\"url\":\"https:\\\/\\\/www.angellelui.ch\\\/new\\\/hollywood-peel\\\/\",\"name\":\"Hollywood peel Institut de beaut\u00e9 Ang'Elle & Lui \u00e0 Gland\",\"isPartOf\":{\"@id\":\"https:\\\/\\\/www.angellelui.ch\\\/new\\\/#website\"},\"primaryImageOfPage\":{\"@id\":\"https:\\\/\\\/www.angellelui.ch\\\/new\\\/hollywood-peel\\\/#primaryimage\"},\"image\":{\"@id\":\"https:\\\/\\\/www.angellelui.ch\\\/new\\\/hollywood-peel\\\/#primaryimage\"},\"thumbnailUrl\":\"https:\\\/\\\/www.angellelui.ch\\\/new\\\/wp-content\\\/uploads\\\/2020\\\/06\\\/Hollywood-peel-Gland.jpg\",\"datePublished\":\"2020-06-29T09:43:59+00:00\",\"dateModified\":\"2021-07-09T07:06:53+00:00\",\"description\":\"Le traitement Hollywood Peel consiste \u00e0 appliquer une pr\u00e9paration \u00e0 base de charbon actif et d\u2019huile calmante pour la peau. Le masque au charbon s\u00e8che l\u00e9g\u00e8rement. Le carbone est absorb\u00e9 par la couche superficielle de la peau.\",\"breadcrumb\":{\"@id\":\"https:\\\/\\\/www.angellelui.ch\\\/new\\\/hollywood-peel\\\/#breadcrumb\"},\"inLanguage\":\"fr-FR\",\"potentialAction\":[{\"@type\":\"ReadAction\",\"target\":[\"https:\\\/\\\/www.angellelui.ch\\\/new\\\/hollywood-peel\\\/\"]}]},{\"@type\":\"ImageObject\",\"inLanguage\":\"fr-FR\",\"@id\":\"https:\\\/\\\/www.angellelui.ch\\\/new\\\/hollywood-peel\\\/#primaryimage\",\"url\":\"https:\\\/\\\/www.angellelui.ch\\\/new\\\/wp-content\\\/uploads\\\/2020\\\/06\\\/Hollywood-peel-Gland.jpg\",\"contentUrl\":\"https:\\\/\\\/www.angellelui.ch\\\/new\\\/wp-content\\\/uploads\\\/2020\\\/06\\\/Hollywood-peel-Gland.jpg\",\"width\":512,\"height\":273,\"caption\":\"Hollywood peel Carbon laser Institut Gland\"},{\"@type\":\"BreadcrumbList\",\"@id\":\"https:\\\/\\\/www.angellelui.ch\\\/new\\\/hollywood-peel\\\/#breadcrumb\",\"itemListElement\":[{\"@type\":\"ListItem\",\"position\":1,\"name\":\"Accueil\",\"item\":\"https:\\\/\\\/www.angellelui.ch\\\/new\\\/\"},{\"@type\":\"ListItem\",\"position\":2,\"name\":\"Hollywood peel\"}]},{\"@type\":\"WebSite\",\"@id\":\"https:\\\/\\\/www.angellelui.ch\\\/new\\\/#website\",\"url\":\"https:\\\/\\\/www.angellelui.ch\\\/new\\\/\",\"name\":\"Ang'elle & lui \u00e0 Gland\",\"description\":\"Institut de beaut\u00e9 pour votre bien-\u00eatre \u00e0 Gland\",\"potentialAction\":[{\"@type\":\"SearchAction\",\"target\":{\"@type\":\"EntryPoint\",\"urlTemplate\":\"https:\\\/\\\/www.angellelui.ch\\\/new\\\/?s={search_term_string}\"},\"query-input\":{\"@type\":\"PropertyValueSpecification\",\"valueRequired\":true,\"valueName\":\"search_term_string\"}}],\"inLanguage\":\"fr-FR\"}]}<\/script>\n<!-- \/ Yoast SEO plugin. -->","yoast_head_json":{"title":"Hollywood peel Institut de beaut\u00e9 Ang'Elle & Lui \u00e0 Gland","description":"Le traitement Hollywood Peel consiste \u00e0 appliquer une pr\u00e9paration \u00e0 base de charbon actif et d\u2019huile calmante pour la peau. Le masque au charbon s\u00e8che l\u00e9g\u00e8rement. Le carbone est absorb\u00e9 par la couche superficielle de la peau.","robots":{"index":"index","follow":"follow","max-snippet":"max-snippet:-1","max-image-preview":"max-image-preview:large","max-video-preview":"max-video-preview:-1"},"canonical":"https:\/\/www.angellelui.ch\/new\/hollywood-peel\/","og_locale":"fr_FR","og_type":"article","og_title":"Hollywood peel Institut de beaut\u00e9 Ang'Elle & Lui \u00e0 Gland","og_description":"Le traitement Hollywood Peel consiste \u00e0 appliquer une pr\u00e9paration \u00e0 base de charbon actif et d\u2019huile calmante pour la peau. Le masque au charbon s\u00e8che l\u00e9g\u00e8rement. Le carbone est absorb\u00e9 par la couche superficielle de la peau.","og_url":"https:\/\/www.angellelui.ch\/new\/hollywood-peel\/","og_site_name":"Ang&#039;elle &amp; lui \u00e0 Gland","article_publisher":"https:\/\/www.facebook.com\/AngelleluiVanessa\/","article_modified_time":"2021-07-09T07:06:53+00:00","og_image":[{"width":512,"height":273,"url":"https:\/\/www.angellelui.ch\/new\/wp-content\/uploads\/2020\/06\/Hollywood-peel-Gland.jpg","type":"image\/jpeg"}],"twitter_misc":{"Dur\u00e9e de lecture estim\u00e9e":"3 minutes"},"schema":{"@context":"https:\/\/schema.org","@graph":[{"@type":"WebPage","@id":"https:\/\/www.angellelui.ch\/new\/hollywood-peel\/","url":"https:\/\/www.angellelui.ch\/new\/hollywood-peel\/","name":"Hollywood peel Institut de beaut\u00e9 Ang'Elle & Lui \u00e0 Gland","isPartOf":{"@id":"https:\/\/www.angellelui.ch\/new\/#website"},"primaryImageOfPage":{"@id":"https:\/\/www.angellelui.ch\/new\/hollywood-peel\/#primaryimage"},"image":{"@id":"https:\/\/www.angellelui.ch\/new\/hollywood-peel\/#primaryimage"},"thumbnailUrl":"https:\/\/www.angellelui.ch\/new\/wp-content\/uploads\/2020\/06\/Hollywood-peel-Gland.jpg","datePublished":"2020-06-29T09:43:59+00:00","dateModified":"2021-07-09T07:06:53+00:00","description":"Le traitement Hollywood Peel consiste \u00e0 appliquer une pr\u00e9paration \u00e0 base de charbon actif et d\u2019huile calmante pour la peau. Le masque au charbon s\u00e8che l\u00e9g\u00e8rement. Le carbone est absorb\u00e9 par la couche superficielle de la peau.","breadcrumb":{"@id":"https:\/\/www.angellelui.ch\/new\/hollywood-peel\/#breadcrumb"},"inLanguage":"fr-FR","potentialAction":[{"@type":"ReadAction","target":["https:\/\/www.angellelui.ch\/new\/hollywood-peel\/"]}]},{"@type":"ImageObject","inLanguage":"fr-FR","@id":"https:\/\/www.angellelui.ch\/new\/hollywood-peel\/#primaryimage","url":"https:\/\/www.angellelui.ch\/new\/wp-content\/uploads\/2020\/06\/Hollywood-peel-Gland.jpg","contentUrl":"https:\/\/www.angellelui.ch\/new\/wp-content\/uploads\/2020\/06\/Hollywood-peel-Gland.jpg","width":512,"height":273,"caption":"Hollywood peel Carbon laser Institut Gland"},{"@type":"BreadcrumbList","@id":"https:\/\/www.angellelui.ch\/new\/hollywood-peel\/#breadcrumb","itemListElement":[{"@type":"ListItem","position":1,"name":"Accueil","item":"https:\/\/www.angellelui.ch\/new\/"},{"@type":"ListItem","position":2,"name":"Hollywood peel"}]},{"@type":"WebSite","@id":"https:\/\/www.angellelui.ch\/new\/#website","url":"https:\/\/www.angellelui.ch\/new\/","name":"Ang'elle & lui \u00e0 Gland","description":"Institut de beaut\u00e9 pour votre bien-\u00eatre \u00e0 Gland","potentialAction":[{"@type":"SearchAction","target":{"@type":"EntryPoint","urlTemplate":"https:\/\/www.angellelui.ch\/new\/?s={search_term_string}"},"query-input":{"@type":"PropertyValueSpecification","valueRequired":true,"valueName":"search_term_string"}}],"inLanguage":"fr-FR"}]}},"_links":{"self":[{"href":"https:\/\/www.angellelui.ch\/new\/wp-json\/wp\/v2\/pages\/10536","targetHints":{"allow":["GET"]}}],"collection":[{"href":"https:\/\/www.angellelui.ch\/new\/wp-json\/wp\/v2\/pages"}],"about":[{"href":"https:\/\/www.angellelui.ch\/new\/wp-json\/wp\/v2\/types\/page"}],"author":[{"embeddable":true,"href":"https:\/\/www.angellelui.ch\/new\/wp-json\/wp\/v2\/users\/1"}],"replies":[{"embeddable":true,"href":"https:\/\/www.angellelui.ch\/new\/wp-json\/wp\/v2\/comments?post=10536"}],"version-history":[{"count":7,"href":"https:\/\/www.angellelui.ch\/new\/wp-json\/wp\/v2\/pages\/10536\/revisions"}],"predecessor-version":[{"id":10616,"href":"https:\/\/www.angellelui.ch\/new\/wp-json\/wp\/v2\/pages\/10536\/revisions\/10616"}],"wp:featuredmedia":[{"embeddable":true,"href":"https:\/\/www.angellelui.ch\/new\/wp-json\/wp\/v2\/media\/10540"}],"wp:attachment":[{"href":"https:\/\/www.angellelui.ch\/new\/wp-json\/wp\/v2\/media?parent=10536"}],"curies":[{"name":"wp","href":"https:\/\/api.w.org\/{rel}","templated":true}]}}