{"id":10710,"date":"2026-04-14T17:29:57","date_gmt":"2026-04-14T15:29:57","guid":{"rendered":"https:\/\/www.angellelui.ch\/new\/?page_id=10710"},"modified":"2026-04-15T19:57:31","modified_gmt":"2026-04-15T17:57:31","slug":"head-spa","status":"publish","type":"page","link":"https:\/\/www.angellelui.ch\/new\/head-spa\/","title":{"rendered":"Head Spa"},"content":{"rendered":"<div class=\"wpb-content-wrapper\">[vc_row row_type=\u00a0\u00bbsection\u00a0\u00bb type=\u00a0\u00bbgrid\u00a0\u00bb text_align=\u00a0\u00bbleft\u00a0\u00bb video=\u00a0\u00bb\u00a0\u00bb background_color=\u00a0\u00bb#ffffff\u00a0\u00bb padding_top=\u00a0\u00bb80&Prime; padding_bottom=\u00a0\u00bb80&Prime;][vc_column width=\u00a0\u00bb1\/2&Prime;][vc_row_inner row_type=\u00a0\u00bbrow\u00a0\u00bb text_align=\u00a0\u00bbcenter\u00a0\u00bb css_animation=\u00a0\u00bbelement_from_fade\u00a0\u00bb][vc_column_inner][vc_single_image image=\u00a0\u00bb10723&Prime; img_size=\u00a0\u00bbfull\u00a0\u00bb style=\u00a0\u00bbvc_box_shadow_3d\u00a0\u00bb css=\u00a0\u00bb\u00a0\u00bb][\/vc_column_inner][\/vc_row_inner][\/vc_column][vc_column width=\u00a0\u00bb1\/2&Prime;][vc_row_inner row_type=\u00a0\u00bbrow\u00a0\u00bb text_align=\u00a0\u00bbleft\u00a0\u00bb css_animation=\u00a0\u00bb\u00a0\u00bb][vc_column_inner][vc_column_text css=\u00a0\u00bb\u00a0\u00bb]\n<h2><span style=\"color: #744883;\">Head Spa<\/span><\/h2>\n[\/vc_column_text][vc_separator type=\u00a0\u00bbtransparent\u00a0\u00bb up=\u00a0\u00bb12&Prime; down=\u00a0\u00bb12&Prime;][vc_column_text css=\u00a0\u00bb\u00a0\u00bb]Offrez-vous une parenth\u00e8se de bien-\u00eatre unique avec le Head Spa, un v\u00e9ritable rituel d\u00e9di\u00e9 \u00e0 la sant\u00e9 du cuir chevelu et \u00e0 la beaut\u00e9 des cheveux.<\/p>\n<p>&nbsp;<\/p>\n<p>Ce soin professionnel allie expertise et relaxation profonde : il purifie, r\u00e9\u00e9quilibre et revitalise le cuir chevelu, la circulation est am\u00e9lior\u00e9e tout en apportant force et \u00e9clat aux cheveux. Gr\u00e2ce \u00e0 des techniques pr\u00e9cises et des points d\u2019acupression cibl\u00e9s, les tensions s\u2019apaisent, la circulation est stimul\u00e9e et le corps entier se rel\u00e2che.<\/p>\n<p>&nbsp;<\/p>\n<p>Chaque s\u00e9ance est pens\u00e9e comme une exp\u00e9rience sur-mesure, adapt\u00e9e \u00e0 vos besoins, dans un v\u00e9ritable cocon de douceur. Les gestes enveloppants, les textures d\u00e9licates et l\u2019atmosph\u00e8re apaisante vous invitent \u00e0 un l\u00e2cher-prise total.<\/p>\n<p>&nbsp;<\/p>\n<p>Bien plus qu\u2019un soin capillaire, le Head Spa est une exp\u00e9rience sensorielle compl\u00e8te\u2026 une invitation \u00e0 ralentir, \u00e0 respirer et \u00e0 prendre soin de vous.<\/p>\n<p>&nbsp;<\/p>\n<p>Laissez vous porter, dans une ambiance douce et enveloppante, chaque d\u00e9tail est pens\u00e9 pour que vous vous sentiez dans un v\u00e9ritable cocon, hors du temps.<\/p>\n<p>&nbsp;<\/p>\n<p style=\"text-align: justify;\"><strong style=\"color: #744883; line-height: 1.5em;\">Venez vivre cette parenth\u00e8se, vous allez l\u2019adorer. <\/strong><\/p>\n<p style=\"text-align: justify;\"><strong style=\"color: #744883; line-height: 1.5em;\">Pour r\u00e9pondre \u00e0 vos envies et \u00e0 vos besoins, je vous propose plusieurs rituels :<\/strong><\/p>\n[\/vc_column_text][vc_separator type=\u00a0\u00bbtransparent\u00a0\u00bb up=\u00a0\u00bb15&Prime; down=\u00a0\u00bb15&Prime;][\/vc_column_inner][\/vc_row_inner][\/vc_column][\/vc_row][vc_row row_type=\u00a0\u00bbsection\u00a0\u00bb type=\u00a0\u00bbgrid\u00a0\u00bb text_align=\u00a0\u00bbleft\u00a0\u00bb video=\u00a0\u00bb\u00a0\u00bb][vc_column][vc_column_text css=\u00a0\u00bb\u00a0\u00bb]\n<h2><span style=\"color: #744883;\">Tarifs Head Spa<\/span><\/h2>\n[\/vc_column_text][vc_separator type=\u00a0\u00bbtransparent\u00a0\u00bb color=\u00a0\u00bb#e5e5e5&Prime; thickness=\u00a0\u00bb1&Prime; up=\u00a0\u00bb12&Prime; down=\u00a0\u00bb12&Prime;][vc_separator type=\u00a0\u00bbtransparent\u00a0\u00bb up=\u00a0\u00bb40&Prime; down=\u00a0\u00bb40&Prime;][vc_column_text css=\u00a0\u00bb\u00a0\u00bb]<div class='q_list circle circle_number normal'>\n<ul>\n<li>Glow Spa Essentiel \u2013 60 minutes \u00e0 119.-Pour cheveux courts, hommes et jeunes d\u00e8s 13 ans<\/li>\n<li>Glow Spa Signature \u2013 1h15 \u00e0 159.-Pour un traitement sur cheveux mi longs \u00e0 longs<\/li>\n<li>Glow Spa Prestige \u2013 1h30 \u00e0 199.-Traitement complet avec haute fr\u00e9quence, LED et ultrasons qui viennent compl\u00e9ter le massage\u00a0 pour fortifier, am\u00e9liorer la circulation et stimuler la repousse des cheveux.<\/li>\n<li>Little Glow (8 \u00e0 12 ans) \u2013 45 minutes \u00e0 79.- gommage, shampoing massage soins post shampoing et masque.Le s\u00e9chage des cheveux se fait sur place apr\u00e8s le soin, quelque soit votre choix de Head Spa.<\/li>\n<\/ul>\n<\/div>[\/vc_column_text][vc_separator type=\u00a0\u00bbtransparent\u00a0\u00bb up=\u00a0\u00bb40&Prime; down=\u00a0\u00bb40&Prime;][vc_separator type=\u00a0\u00bbtransparent\u00a0\u00bb color=\u00a0\u00bb#e5e5e5&Prime; thickness=\u00a0\u00bb1&Prime; up=\u00a0\u00bb12&Prime; down=\u00a0\u00bb12&Prime;][\/vc_column][\/vc_row][vc_row row_type=\u00a0\u00bbsection\u00a0\u00bb type=\u00a0\u00bbgrid\u00a0\u00bb text_align=\u00a0\u00bbleft\u00a0\u00bb video=\u00a0\u00bb\u00a0\u00bb][vc_column][vc_column_text]\n<p style=\"text-align: justify;\"><span style=\"color: #744883;\"><strong>N&rsquo;h\u00e9sitez pas \u00e0 nous contacter au\u00a0022 364 49 45\u00a0pour plus d&rsquo;informations, nous nous ferons un plaisir de r\u00e9pondre \u00e0 vos questions. Ou contactez nous par\u00a0<a href=\"mailto:vanessa@angellelui.ch\" target=\"_blank\" rel=\"noopener noreferrer\"><span style=\"color: #744883;\">e-mail<\/span><\/a>.<\/strong><\/span><\/p>\n<p>&nbsp;<\/p>\n<p style=\"text-align: justify;\"><strong>Merci beaucoup !<\/strong><\/p>\n[\/vc_column_text][vc_separator type=\u00a0\u00bbnormal\u00a0\u00bb down=\u00a0\u00bb30&Prime;]<a href=\"https:\/\/salonkee.ch\/salon\/ang-elle-lui?lang=fr\" target=\"_self\" class=\"qbutton \" style=\"\">Prendre un rendez-vous<\/a>[\/vc_column][\/vc_row]\n<\/div>","protected":false},"excerpt":{"rendered":"<p>[vc_row row_type=\u00a0\u00bbsection\u00a0\u00bb type=\u00a0\u00bbgrid\u00a0\u00bb text_align=\u00a0\u00bbleft\u00a0\u00bb video=\u00a0\u00bb\u00a0\u00bb background_color=\u00a0\u00bb#ffffff\u00a0\u00bb padding_top=\u00a0\u00bb80&Prime; padding_bottom=\u00a0\u00bb80&Prime;][vc_column width=\u00a0\u00bb1\/2&Prime;][vc_row_inner row_type=\u00a0\u00bbrow\u00a0\u00bb text_align=\u00a0\u00bbcenter\u00a0\u00bb css_animation=\u00a0\u00bbelement_from_fade\u00a0\u00bb][vc_column_inner][vc_single_image image=\u00a0\u00bb10723&Prime; img_size=\u00a0\u00bbfull\u00a0\u00bb style=\u00a0\u00bbvc_box_shadow_3d\u00a0\u00bb css=\u00a0\u00bb\u00a0\u00bb][\/vc_column_inner][\/vc_row_inner][\/vc_column][vc_column width=\u00a0\u00bb1\/2&Prime;][vc_row_inner row_type=\u00a0\u00bbrow\u00a0\u00bb text_align=\u00a0\u00bbleft\u00a0\u00bb css_animation=\u00a0\u00bb\u00a0\u00bb][vc_column_inner][vc_column_text css=\u00a0\u00bb\u00a0\u00bb] Head Spa [\/vc_column_text][vc_separator type=\u00a0\u00bbtransparent\u00a0\u00bb up=\u00a0\u00bb12&Prime; down=\u00a0\u00bb12&Prime;][vc_column_text css=\u00a0\u00bb\u00a0\u00bb]Offrez-vous une parenth\u00e8se de bien-\u00eatre unique avec le Head Spa, un v\u00e9ritable rituel d\u00e9di\u00e9 \u00e0 la sant\u00e9 du&#8230;<\/p>\n","protected":false},"author":1,"featured_media":0,"parent":0,"menu_order":0,"comment_status":"closed","ping_status":"closed","template":"full_width.php","meta":{"footnotes":""},"class_list":["post-10710","page","type-page","status-publish","hentry"],"yoast_head":"<!-- This site is optimized with the Yoast SEO plugin v27.4 - https:\/\/yoast.com\/product\/yoast-seo-wordpress\/ -->\n<title>Head Spa - Institut de beaut\u00e9 Ang&#039;elle &amp; lui<\/title>\n<meta name=\"description\" content=\"Offrez-vous une parenth\u00e8se de bien-\u00eatre unique avec le Head Spa, un v\u00e9ritable rituel d\u00e9di\u00e9 \u00e0 la sant\u00e9 du cuir chevelu et \u00e0 la beaut\u00e9 des cheveux.\" \/>\n<meta name=\"robots\" content=\"index, follow, max-snippet:-1, max-image-preview:large, max-video-preview:-1\" \/>\n<link rel=\"canonical\" href=\"https:\/\/www.angellelui.ch\/new\/head-spa\/\" \/>\n<meta property=\"og:locale\" content=\"fr_FR\" \/>\n<meta property=\"og:type\" content=\"article\" \/>\n<meta property=\"og:title\" content=\"Head Spa - Institut de beaut\u00e9 Ang&#039;elle &amp; lui\" \/>\n<meta property=\"og:description\" content=\"Offrez-vous une parenth\u00e8se de bien-\u00eatre unique avec le Head Spa, un v\u00e9ritable rituel d\u00e9di\u00e9 \u00e0 la sant\u00e9 du cuir chevelu et \u00e0 la beaut\u00e9 des cheveux.\" \/>\n<meta property=\"og:url\" content=\"https:\/\/www.angellelui.ch\/new\/head-spa\/\" \/>\n<meta property=\"og:site_name\" content=\"Ang&#039;elle &amp; lui \u00e0 Gland\" \/>\n<meta property=\"article:publisher\" content=\"https:\/\/www.facebook.com\/AngelleluiVanessa\/\" \/>\n<meta property=\"article:modified_time\" content=\"2026-04-15T17:57:31+00:00\" \/>\n<meta name=\"twitter:label1\" content=\"Dur\u00e9e de lecture estim\u00e9e\" \/>\n\t<meta name=\"twitter:data1\" content=\"3 minutes\" \/>\n<script type=\"application\/ld+json\" class=\"yoast-schema-graph\">{\"@context\":\"https:\\\/\\\/schema.org\",\"@graph\":[{\"@type\":\"WebPage\",\"@id\":\"https:\\\/\\\/www.angellelui.ch\\\/new\\\/head-spa\\\/\",\"url\":\"https:\\\/\\\/www.angellelui.ch\\\/new\\\/head-spa\\\/\",\"name\":\"Head Spa - Institut de beaut\u00e9 Ang'elle & lui\",\"isPartOf\":{\"@id\":\"https:\\\/\\\/www.angellelui.ch\\\/new\\\/#website\"},\"datePublished\":\"2026-04-14T15:29:57+00:00\",\"dateModified\":\"2026-04-15T17:57:31+00:00\",\"description\":\"Offrez-vous une parenth\u00e8se de bien-\u00eatre unique avec le Head Spa, un v\u00e9ritable rituel d\u00e9di\u00e9 \u00e0 la sant\u00e9 du cuir chevelu et \u00e0 la beaut\u00e9 des cheveux.\",\"breadcrumb\":{\"@id\":\"https:\\\/\\\/www.angellelui.ch\\\/new\\\/head-spa\\\/#breadcrumb\"},\"inLanguage\":\"fr-FR\",\"potentialAction\":[{\"@type\":\"ReadAction\",\"target\":[\"https:\\\/\\\/www.angellelui.ch\\\/new\\\/head-spa\\\/\"]}]},{\"@type\":\"BreadcrumbList\",\"@id\":\"https:\\\/\\\/www.angellelui.ch\\\/new\\\/head-spa\\\/#breadcrumb\",\"itemListElement\":[{\"@type\":\"ListItem\",\"position\":1,\"name\":\"Accueil\",\"item\":\"https:\\\/\\\/www.angellelui.ch\\\/new\\\/\"},{\"@type\":\"ListItem\",\"position\":2,\"name\":\"Head Spa\"}]},{\"@type\":\"WebSite\",\"@id\":\"https:\\\/\\\/www.angellelui.ch\\\/new\\\/#website\",\"url\":\"https:\\\/\\\/www.angellelui.ch\\\/new\\\/\",\"name\":\"Ang'elle & lui \u00e0 Gland\",\"description\":\"Institut de beaut\u00e9 pour votre bien-\u00eatre \u00e0 Gland\",\"potentialAction\":[{\"@type\":\"SearchAction\",\"target\":{\"@type\":\"EntryPoint\",\"urlTemplate\":\"https:\\\/\\\/www.angellelui.ch\\\/new\\\/?s={search_term_string}\"},\"query-input\":{\"@type\":\"PropertyValueSpecification\",\"valueRequired\":true,\"valueName\":\"search_term_string\"}}],\"inLanguage\":\"fr-FR\"}]}<\/script>\n<!-- \/ Yoast SEO plugin. -->","yoast_head_json":{"title":"Head Spa - Institut de beaut\u00e9 Ang'elle & lui","description":"Offrez-vous une parenth\u00e8se de bien-\u00eatre unique avec le Head Spa, un v\u00e9ritable rituel d\u00e9di\u00e9 \u00e0 la sant\u00e9 du cuir chevelu et \u00e0 la beaut\u00e9 des cheveux.","robots":{"index":"index","follow":"follow","max-snippet":"max-snippet:-1","max-image-preview":"max-image-preview:large","max-video-preview":"max-video-preview:-1"},"canonical":"https:\/\/www.angellelui.ch\/new\/head-spa\/","og_locale":"fr_FR","og_type":"article","og_title":"Head Spa - Institut de beaut\u00e9 Ang'elle & lui","og_description":"Offrez-vous une parenth\u00e8se de bien-\u00eatre unique avec le Head Spa, un v\u00e9ritable rituel d\u00e9di\u00e9 \u00e0 la sant\u00e9 du cuir chevelu et \u00e0 la beaut\u00e9 des cheveux.","og_url":"https:\/\/www.angellelui.ch\/new\/head-spa\/","og_site_name":"Ang&#039;elle &amp; lui \u00e0 Gland","article_publisher":"https:\/\/www.facebook.com\/AngelleluiVanessa\/","article_modified_time":"2026-04-15T17:57:31+00:00","twitter_misc":{"Dur\u00e9e de lecture estim\u00e9e":"3 minutes"},"schema":{"@context":"https:\/\/schema.org","@graph":[{"@type":"WebPage","@id":"https:\/\/www.angellelui.ch\/new\/head-spa\/","url":"https:\/\/www.angellelui.ch\/new\/head-spa\/","name":"Head Spa - Institut de beaut\u00e9 Ang'elle & lui","isPartOf":{"@id":"https:\/\/www.angellelui.ch\/new\/#website"},"datePublished":"2026-04-14T15:29:57+00:00","dateModified":"2026-04-15T17:57:31+00:00","description":"Offrez-vous une parenth\u00e8se de bien-\u00eatre unique avec le Head Spa, un v\u00e9ritable rituel d\u00e9di\u00e9 \u00e0 la sant\u00e9 du cuir chevelu et \u00e0 la beaut\u00e9 des cheveux.","breadcrumb":{"@id":"https:\/\/www.angellelui.ch\/new\/head-spa\/#breadcrumb"},"inLanguage":"fr-FR","potentialAction":[{"@type":"ReadAction","target":["https:\/\/www.angellelui.ch\/new\/head-spa\/"]}]},{"@type":"BreadcrumbList","@id":"https:\/\/www.angellelui.ch\/new\/head-spa\/#breadcrumb","itemListElement":[{"@type":"ListItem","position":1,"name":"Accueil","item":"https:\/\/www.angellelui.ch\/new\/"},{"@type":"ListItem","position":2,"name":"Head Spa"}]},{"@type":"WebSite","@id":"https:\/\/www.angellelui.ch\/new\/#website","url":"https:\/\/www.angellelui.ch\/new\/","name":"Ang'elle & lui \u00e0 Gland","description":"Institut de beaut\u00e9 pour votre bien-\u00eatre \u00e0 Gland","potentialAction":[{"@type":"SearchAction","target":{"@type":"EntryPoint","urlTemplate":"https:\/\/www.angellelui.ch\/new\/?s={search_term_string}"},"query-input":{"@type":"PropertyValueSpecification","valueRequired":true,"valueName":"search_term_string"}}],"inLanguage":"fr-FR"}]}},"_links":{"self":[{"href":"https:\/\/www.angellelui.ch\/new\/wp-json\/wp\/v2\/pages\/10710","targetHints":{"allow":["GET"]}}],"collection":[{"href":"https:\/\/www.angellelui.ch\/new\/wp-json\/wp\/v2\/pages"}],"about":[{"href":"https:\/\/www.angellelui.ch\/new\/wp-json\/wp\/v2\/types\/page"}],"author":[{"embeddable":true,"href":"https:\/\/www.angellelui.ch\/new\/wp-json\/wp\/v2\/users\/1"}],"replies":[{"embeddable":true,"href":"https:\/\/www.angellelui.ch\/new\/wp-json\/wp\/v2\/comments?post=10710"}],"version-history":[{"count":10,"href":"https:\/\/www.angellelui.ch\/new\/wp-json\/wp\/v2\/pages\/10710\/revisions"}],"predecessor-version":[{"id":10724,"href":"https:\/\/www.angellelui.ch\/new\/wp-json\/wp\/v2\/pages\/10710\/revisions\/10724"}],"wp:attachment":[{"href":"https:\/\/www.angellelui.ch\/new\/wp-json\/wp\/v2\/media?parent=10710"}],"curies":[{"name":"wp","href":"https:\/\/api.w.org\/{rel}","templated":true}]}}