{"id":6438,"date":"2013-12-11T16:25:04","date_gmt":"2013-12-11T15:25:04","guid":{"rendered":"http:\/\/demo.qodeinteractive.com\/elision\/?page_id=6438"},"modified":"2023-02-23T16:41:37","modified_gmt":"2023-02-23T15:41:37","slug":"epilation-lampe-flash-lumiere-pulsee","status":"publish","type":"page","link":"https:\/\/www.angellelui.ch\/new\/epilation-lampe-flash-lumiere-pulsee\/","title":{"rendered":"\u00e9pilation"},"content":{"rendered":"<div class=\"wpb-content-wrapper\">[vc_row row_type=\u00a0\u00bbsection\u00a0\u00bb type=\u00a0\u00bbgrid\u00a0\u00bb text_align=\u00a0\u00bbleft\u00a0\u00bb video=\u00a0\u00bb\u00a0\u00bb background_color=\u00a0\u00bb#ffffff\u00a0\u00bb padding_top=\u00a0\u00bb80&Prime; padding_bottom=\u00a0\u00bb80&Prime;][vc_column width=\u00a0\u00bb1\/2&Prime;][vc_row_inner row_type=\u00a0\u00bbrow\u00a0\u00bb text_align=\u00a0\u00bbcenter\u00a0\u00bb css_animation=\u00a0\u00bbelement_from_fade\u00a0\u00bb][vc_column_inner][vc_single_image image=\u00a0\u00bb8230&Prime; img_size=\u00a0\u00bbfull\u00a0\u00bb style=\u00a0\u00bbvc_box_shadow_3d\u00a0\u00bb][\/vc_column_inner][\/vc_row_inner][\/vc_column][vc_column width=\u00a0\u00bb1\/2&Prime;][vc_row_inner row_type=\u00a0\u00bbrow\u00a0\u00bb text_align=\u00a0\u00bbleft\u00a0\u00bb css_animation=\u00a0\u00bb\u00a0\u00bb][vc_column_inner][vc_column_text]\n<h2><span style=\"color: #744883;\">L&rsquo;\u00e9pilation<\/span><\/h2>\n[\/vc_column_text][vc_separator type=\u00a0\u00bbtransparent\u00a0\u00bb up=\u00a0\u00bb12&Prime; down=\u00a0\u00bb12&Prime;][vc_column_text]\n<p style=\"text-align: justify;\"><strong>Epilation \u00e0 la cire ti\u00e8de \u00e0 la cire chaude encore La lampe Flash lumi\u00e8re\u00a0puls\u00e9e ou le Laser? A vous de choisir!<\/strong><\/p>\n<p style=\"text-align: justify;\"><strong>Vous d\u00e9sirez une peau douce et agr\u00e9able<\/strong>\u00a0au toucher pour toute l&rsquo;ann\u00e9e ? D\u00e9couvrez nos prestations pour une \u00e9pilation efficace et durable avec la lumi\u00e8re puls\u00e9e ou Lampe Flash. Vous avez \u00e9galement la possibilit\u00e9 de choisir la cire ti\u00e8de avec les bandes qui est rapide et efficace et pour les zones les plus sensibles je vous propose une cire sp\u00e9ciale<b>.\u00a0<\/b>Vous comprendrez d\u00e8s la premi\u00e8re utilisation pourquoi cette cire est id\u00e9ale.<br \/>\n<strong>Un vrai bonheur.<\/strong><br \/>\nCette cire sans bande\u00a0 est sans colophane et ne contient pas de polym\u00e8res de caoutchouc.<br \/>\nElle peut \u00eatre utilis\u00e9e comme une cire recyclable ou sans bande.<br \/>\n<strong>Unique, l&rsquo;application de la cire peut ce faire sans avoir \u00e0 tenir compte du sens de repousse du poil et le poil repousse plus lentement!<\/strong><\/p>\n<p>&nbsp;<\/p>\n<p style=\"text-align: justify;\"><strong style=\"color: #744883; line-height: 1.5em;\">Alors n&rsquo;h\u00e9sitez plus, prenez un rendez-vous et venez vous faire dorloter \u00e0 l&rsquo;institut Ang&rsquo;elle &amp; lui !<\/strong><\/p>\n[\/vc_column_text][vc_separator type=\u00a0\u00bbtransparent\u00a0\u00bb up=\u00a0\u00bb15&Prime; down=\u00a0\u00bb15&Prime;][\/vc_column_inner][\/vc_row_inner][\/vc_column][\/vc_row][vc_row row_type=\u00a0\u00bbsection\u00a0\u00bb type=\u00a0\u00bbgrid\u00a0\u00bb text_align=\u00a0\u00bbleft\u00a0\u00bb video=\u00a0\u00bb\u00a0\u00bb][vc_column][vc_column_text]\n<h2><span style=\"color: #744883;\">Tarifs M\u00e9thode d&rsquo;\u00e9pilation \u00e0 la lampe flash<\/span><\/h2>\n[\/vc_column_text][vc_separator type=\u00a0\u00bbtransparent\u00a0\u00bb color=\u00a0\u00bb#e5e5e5&Prime; thickness=\u00a0\u00bb1&Prime; up=\u00a0\u00bb12&Prime; down=\u00a0\u00bb12&Prime;][vc_separator type=\u00a0\u00bbtransparent\u00a0\u00bb up=\u00a0\u00bb40&Prime; down=\u00a0\u00bb40&Prime;][vc_column_text]<div class='q_list circle circle_number normal'>\n<ul>\n<li>L\u00e8vre sup\u00e9rieure \u00a025 CHF<\/li>\n<li>Menton \u00a0 25 \u00e0 50 CHF<\/li>\n<li>Visage complet 80 CHF<\/li>\n<li>Aisselles \u00a0 80 CHF<\/li>\n<li>Bras d\u00e8s \u00a0150 CHF<\/li>\n<li>Bikini simple \u00a080 CHF<\/li>\n<li>Bikini br\u00e9silien \u00a0110 CHF<\/li>\n<li>Bikini int\u00e9gral \u00a0130 CHF<\/li>\n<li>1\/2 jambes \u00a0199 CHF<\/li>\n<li>Jambes compl\u00e8tes \u00a0350 CHF<\/li>\n<li>Dos \u00a0199 CHF<\/li>\n<li>Intersourcils \u00a0 25 CHF<\/li>\n<li>1\/2 jambes aisselles bikini simple 299.-<\/li>\n<li>-20% d\u00e8s 3 zones<\/li>\n<\/ul>\n<\/div>\n<p>&nbsp;<\/p>\n<p><strong>N&rsquo;h\u00e9sitez pas a nous contacter au: +41 22 364 49 45 ou vanessa@angellelui.ch<\/strong>[\/vc_column_text][vc_separator type=\u00a0\u00bbtransparent\u00a0\u00bb up=\u00a0\u00bb40&Prime; down=\u00a0\u00bb40&Prime;][vc_column_text]\n<h2><span style=\"color: #744883;\">Tarifs M\u00e9thode d&rsquo;\u00e9pilation \u00e0 la cire ti\u00e8de et chaude pour zone sensible<\/span><\/h2>\n[\/vc_column_text][vc_separator type=\u00a0\u00bbtransparent\u00a0\u00bb color=\u00a0\u00bb#e5e5e5&Prime; thickness=\u00a0\u00bb1&Prime; up=\u00a0\u00bb12&Prime; down=\u00a0\u00bb12&Prime;][vc_separator type=\u00a0\u00bbtransparent\u00a0\u00bb up=\u00a0\u00bb40&Prime; down=\u00a0\u00bb40&Prime;][vc_column_text]<div class='q_list circle circle_number normal'>\n<ul>\n<li>1\/2 jambes\u00a0CHF 47.\u2014<\/li>\n<li>3\/4 jambes\u00a0CHF 60.\u2014<\/li>\n<li>Jambes compl\u00e8tes\u00a0CHF 77.\u2014<\/li>\n<li>Cuisses\u00a0CHF 60.\u2014<\/li>\n<li>Aisselles\u00a0CHF 19.\u2014<\/li>\n<li>Bikini\u00a0CHF 20.\u2014<\/li>\n<li>Bikini br\u00e9silien\u00a0CHF 34.\u2014<\/li>\n<li>Bikini int\u00e9gral\u00a0CHF 42.\u2014<\/li>\n<li>Bikini avec cire peau sensible CHF 28.\u2014\u00a0(repousse du poil ralentie)<\/li>\n<li>Bikini br\u00e9silien cire peau sensible CHF 42.\u2014\u00a0(repousse du poil ralentie)<\/li>\n<li>Bikini int\u00e9gral cire peau sensible CHF 50.\u2014\u00a0(repousse du poil ralentie)<\/li>\n<li>Forfait 1\/2 jambes, aisselles et bikini\u00a0CHF 80.\u2014<\/li>\n<li>Forfait jambes compl\u00e8tes, aisselles et bikini\u00a0CHF 105.\u2014<\/li>\n<li>Bras d\u00e8s\u00a0CHF 40.\u2014<\/li>\n<li>Visage d\u00e8s\u00a0CHF 12.\u2014<\/li>\n<li>Dos\u00a0CHF 47.\u2014<\/li>\n<li>Torse\u00a0CHF 47.\u2014<\/li>\n<\/ul>\n<\/div>\n<p>&nbsp;<\/p>\n<p><strong>N&rsquo;h\u00e9sitez pas a nous contacter au: +41 22 364 49 45 ou vanessa@angellelui.ch<\/strong>[\/vc_column_text][vc_separator type=\u00a0\u00bbtransparent\u00a0\u00bb color=\u00a0\u00bb#e5e5e5&Prime; thickness=\u00a0\u00bb1&Prime; up=\u00a0\u00bb12&Prime; down=\u00a0\u00bb12&Prime;][\/vc_column][\/vc_row][vc_row row_type=\u00a0\u00bbsection\u00a0\u00bb type=\u00a0\u00bbgrid\u00a0\u00bb text_align=\u00a0\u00bbleft\u00a0\u00bb video=\u00a0\u00bb\u00a0\u00bb padding_top=\u00a0\u00bb0&Prime; padding_bottom=\u00a0\u00bb19&Prime;][vc_column][vc_column_text]\n<h2><span style=\"color: #744883;\">L&rsquo;\u00e9pilation \u00e0 la lampe flash<\/span><\/h2>\n[\/vc_column_text][vc_separator type=\u00a0\u00bbtransparent\u00a0\u00bb color=\u00a0\u00bb#e5e5e5&Prime; thickness=\u00a0\u00bb1&Prime; up=\u00a0\u00bb12&Prime; down=\u00a0\u00bb12&Prime;][vc_separator type=\u00a0\u00bbtransparent\u00a0\u00bb up=\u00a0\u00bb40&Prime; down=\u00a0\u00bb40&Prime;][vc_column_text]\n<p style=\"text-align: justify;\">L&rsquo;\u00e9pilation \u00e0 la Lampe Flash est une technique d&rsquo;\u00e9pilation longue dur\u00e9e fonctionnant par photo-thermolyse s\u00e9lective.<\/p>\n<p>&nbsp;<\/p>\n<p style=\"text-align: justify;\">Dans l&rsquo;\u00e9pilation \u00e0 la lampe flash, la lumi\u00e8re puls\u00e9e intense vise la m\u00e9lanine du poil et se transforme en chaleur pour d\u00e9truire le bulbe pileux. Les tissus avoisinants ne sont pas endommag\u00e9s par l&rsquo;action de la lampe flash.<\/p>\n<p>&nbsp;<\/p>\n<p style=\"text-align: justify;\">Le soleil, les U.V et les photos-stimulants sont d\u00e9conseill\u00e9s pendant la dur\u00e9e du traitement \u00e0 la lampe flash. On conseille d&rsquo;utiliser un \u00e9cran solaire sur les zones trait\u00e9es.<\/p>\n<p>&nbsp;<\/p>\n<p style=\"text-align: justify;\"><strong>Aucune technique d&rsquo;\u00e9pilation traditionnelle (cire, pince, \u00e9pilation \u00e9lectrique) ne peut \u00eatre utilis\u00e9e entre les s\u00e9ances de Lampe Flash. Seule la cr\u00e8me d\u00e9pilatoire ou le rasoir assureront l&rsquo;entretien des zones trait\u00e9es.<\/strong><\/p>\n[\/vc_column_text][\/vc_column][\/vc_row][vc_row row_type=\u00a0\u00bbsection\u00a0\u00bb type=\u00a0\u00bbgrid\u00a0\u00bb text_align=\u00a0\u00bbleft\u00a0\u00bb video=\u00a0\u00bb\u00a0\u00bb][vc_column][vc_column_text]\n<p style=\"text-align: justify;\"><span style=\"color: #744883;\"><strong>N&rsquo;h\u00e9sitez pas \u00e0 nous contacter au\u00a0022 364 49 45\u00a0pour plus d&rsquo;informations, nous nous ferons un plaisir de r\u00e9pondre \u00e0 vos questions. Ou contactez nous par\u00a0<a href=\"mailto:vanessa@angellelui.ch\" target=\"_blank\" rel=\"noopener noreferrer\"><span style=\"color: #744883;\">e-mail<\/span><\/a>.<\/strong><\/span><\/p>\n<p>&nbsp;<\/p>\n<p style=\"text-align: justify;\"><strong>Merci beaucoup !<\/strong><\/p>\n[\/vc_column_text][vc_separator type=\u00a0\u00bbnormal\u00a0\u00bb down=\u00a0\u00bb30&Prime;]<a href=\"https:\/\/salonkee.ch\/salon\/ang-elle-lui?lang=fr\" target=\"_self\" class=\"qbutton \" style=\"\">Prendre un rendez-vous<\/a>[\/vc_column][\/vc_row]\n<\/div>","protected":false},"excerpt":{"rendered":"<p>[vc_row row_type=\u00a0\u00bbsection\u00a0\u00bb type=\u00a0\u00bbgrid\u00a0\u00bb text_align=\u00a0\u00bbleft\u00a0\u00bb video=\u00a0\u00bb\u00a0\u00bb background_color=\u00a0\u00bb#ffffff\u00a0\u00bb padding_top=\u00a0\u00bb80&Prime; padding_bottom=\u00a0\u00bb80&Prime;][vc_column width=\u00a0\u00bb1\/2&Prime;][vc_row_inner row_type=\u00a0\u00bbrow\u00a0\u00bb text_align=\u00a0\u00bbcenter\u00a0\u00bb css_animation=\u00a0\u00bbelement_from_fade\u00a0\u00bb][vc_column_inner][vc_single_image image=\u00a0\u00bb8230&Prime; img_size=\u00a0\u00bbfull\u00a0\u00bb style=\u00a0\u00bbvc_box_shadow_3d\u00a0\u00bb][\/vc_column_inner][\/vc_row_inner][\/vc_column][vc_column width=\u00a0\u00bb1\/2&Prime;][vc_row_inner row_type=\u00a0\u00bbrow\u00a0\u00bb text_align=\u00a0\u00bbleft\u00a0\u00bb css_animation=\u00a0\u00bb\u00a0\u00bb][vc_column_inner][vc_column_text] L&rsquo;\u00e9pilation [\/vc_column_text][vc_separator type=\u00a0\u00bbtransparent\u00a0\u00bb up=\u00a0\u00bb12&Prime; down=\u00a0\u00bb12&Prime;][vc_column_text] Epilation \u00e0 la cire ti\u00e8de \u00e0 la cire chaude encore La lampe Flash lumi\u00e8re\u00a0puls\u00e9e ou le Laser? A vous de choisir!&#8230;<\/p>\n","protected":false},"author":1,"featured_media":0,"parent":0,"menu_order":0,"comment_status":"closed","ping_status":"closed","template":"full_width.php","meta":{"footnotes":""},"class_list":["post-6438","page","type-page","status-publish","hentry"],"yoast_head":"<!-- This site is optimized with the Yoast SEO plugin v26.9 - https:\/\/yoast.com\/product\/yoast-seo-wordpress\/ -->\n<title>Les soins d&#039;\u00e9pilation - Institut de beaut\u00e9 Ang&#039;elle &amp; lui<\/title>\n<meta name=\"description\" content=\"\u00e9pilation \u00e0 la lampe flash , \u00e9pilation IPL, \u00e9pilation d\u00e9finitive, \u00e0 la cire ti\u00e8de, bikini int\u00e9grale ou bikini br\u00e9silien rapide. \u00e9pilation sourcils\" \/>\n<meta name=\"robots\" content=\"index, follow, max-snippet:-1, max-image-preview:large, max-video-preview:-1\" \/>\n<link rel=\"canonical\" href=\"https:\/\/www.angellelui.ch\/new\/epilation-lampe-flash-lumiere-pulsee\/\" \/>\n<meta property=\"og:locale\" content=\"fr_FR\" \/>\n<meta property=\"og:type\" content=\"article\" \/>\n<meta property=\"og:title\" content=\"Les soins d&#039;\u00e9pilation - Institut de beaut\u00e9 Ang&#039;elle &amp; lui\" \/>\n<meta property=\"og:description\" content=\"\u00e9pilation \u00e0 la lampe flash , \u00e9pilation IPL, \u00e9pilation d\u00e9finitive, \u00e0 la cire ti\u00e8de, bikini int\u00e9grale ou bikini br\u00e9silien rapide. \u00e9pilation sourcils\" \/>\n<meta property=\"og:url\" content=\"https:\/\/www.angellelui.ch\/new\/epilation-lampe-flash-lumiere-pulsee\/\" \/>\n<meta property=\"og:site_name\" content=\"Ang&#039;elle &amp; lui \u00e0 Gland\" \/>\n<meta property=\"article:publisher\" content=\"https:\/\/www.facebook.com\/AngelleluiVanessa\/\" \/>\n<meta property=\"article:modified_time\" content=\"2023-02-23T15:41:37+00:00\" \/>\n<meta name=\"twitter:label1\" content=\"Dur\u00e9e de lecture estim\u00e9e\" \/>\n\t<meta name=\"twitter:data1\" content=\"4 minutes\" \/>\n<script type=\"application\/ld+json\" class=\"yoast-schema-graph\">{\"@context\":\"https:\/\/schema.org\",\"@graph\":[{\"@type\":\"WebPage\",\"@id\":\"https:\/\/www.angellelui.ch\/new\/epilation-lampe-flash-lumiere-pulsee\/\",\"url\":\"https:\/\/www.angellelui.ch\/new\/epilation-lampe-flash-lumiere-pulsee\/\",\"name\":\"Les soins d'\u00e9pilation - Institut de beaut\u00e9 Ang'elle & lui\",\"isPartOf\":{\"@id\":\"https:\/\/www.angellelui.ch\/new\/#website\"},\"datePublished\":\"2013-12-11T15:25:04+00:00\",\"dateModified\":\"2023-02-23T15:41:37+00:00\",\"description\":\"\u00e9pilation \u00e0 la lampe flash , \u00e9pilation IPL, \u00e9pilation d\u00e9finitive, \u00e0 la cire ti\u00e8de, bikini int\u00e9grale ou bikini br\u00e9silien rapide. \u00e9pilation sourcils\",\"breadcrumb\":{\"@id\":\"https:\/\/www.angellelui.ch\/new\/epilation-lampe-flash-lumiere-pulsee\/#breadcrumb\"},\"inLanguage\":\"fr-FR\",\"potentialAction\":[{\"@type\":\"ReadAction\",\"target\":[\"https:\/\/www.angellelui.ch\/new\/epilation-lampe-flash-lumiere-pulsee\/\"]}]},{\"@type\":\"BreadcrumbList\",\"@id\":\"https:\/\/www.angellelui.ch\/new\/epilation-lampe-flash-lumiere-pulsee\/#breadcrumb\",\"itemListElement\":[{\"@type\":\"ListItem\",\"position\":1,\"name\":\"Accueil\",\"item\":\"https:\/\/www.angellelui.ch\/new\/\"},{\"@type\":\"ListItem\",\"position\":2,\"name\":\"\u00e9pilation\"}]},{\"@type\":\"WebSite\",\"@id\":\"https:\/\/www.angellelui.ch\/new\/#website\",\"url\":\"https:\/\/www.angellelui.ch\/new\/\",\"name\":\"Ang'elle & lui \u00e0 Gland\",\"description\":\"Institut de beaut\u00e9 pour votre bien-\u00eatre \u00e0 Gland\",\"potentialAction\":[{\"@type\":\"SearchAction\",\"target\":{\"@type\":\"EntryPoint\",\"urlTemplate\":\"https:\/\/www.angellelui.ch\/new\/?s={search_term_string}\"},\"query-input\":{\"@type\":\"PropertyValueSpecification\",\"valueRequired\":true,\"valueName\":\"search_term_string\"}}],\"inLanguage\":\"fr-FR\"}]}<\/script>\n<!-- \/ Yoast SEO plugin. -->","yoast_head_json":{"title":"Les soins d'\u00e9pilation - Institut de beaut\u00e9 Ang'elle & lui","description":"\u00e9pilation \u00e0 la lampe flash , \u00e9pilation IPL, \u00e9pilation d\u00e9finitive, \u00e0 la cire ti\u00e8de, bikini int\u00e9grale ou bikini br\u00e9silien rapide. \u00e9pilation sourcils","robots":{"index":"index","follow":"follow","max-snippet":"max-snippet:-1","max-image-preview":"max-image-preview:large","max-video-preview":"max-video-preview:-1"},"canonical":"https:\/\/www.angellelui.ch\/new\/epilation-lampe-flash-lumiere-pulsee\/","og_locale":"fr_FR","og_type":"article","og_title":"Les soins d'\u00e9pilation - Institut de beaut\u00e9 Ang'elle & lui","og_description":"\u00e9pilation \u00e0 la lampe flash , \u00e9pilation IPL, \u00e9pilation d\u00e9finitive, \u00e0 la cire ti\u00e8de, bikini int\u00e9grale ou bikini br\u00e9silien rapide. \u00e9pilation sourcils","og_url":"https:\/\/www.angellelui.ch\/new\/epilation-lampe-flash-lumiere-pulsee\/","og_site_name":"Ang&#039;elle &amp; lui \u00e0 Gland","article_publisher":"https:\/\/www.facebook.com\/AngelleluiVanessa\/","article_modified_time":"2023-02-23T15:41:37+00:00","twitter_misc":{"Dur\u00e9e de lecture estim\u00e9e":"4 minutes"},"schema":{"@context":"https:\/\/schema.org","@graph":[{"@type":"WebPage","@id":"https:\/\/www.angellelui.ch\/new\/epilation-lampe-flash-lumiere-pulsee\/","url":"https:\/\/www.angellelui.ch\/new\/epilation-lampe-flash-lumiere-pulsee\/","name":"Les soins d'\u00e9pilation - Institut de beaut\u00e9 Ang'elle & lui","isPartOf":{"@id":"https:\/\/www.angellelui.ch\/new\/#website"},"datePublished":"2013-12-11T15:25:04+00:00","dateModified":"2023-02-23T15:41:37+00:00","description":"\u00e9pilation \u00e0 la lampe flash , \u00e9pilation IPL, \u00e9pilation d\u00e9finitive, \u00e0 la cire ti\u00e8de, bikini int\u00e9grale ou bikini br\u00e9silien rapide. \u00e9pilation sourcils","breadcrumb":{"@id":"https:\/\/www.angellelui.ch\/new\/epilation-lampe-flash-lumiere-pulsee\/#breadcrumb"},"inLanguage":"fr-FR","potentialAction":[{"@type":"ReadAction","target":["https:\/\/www.angellelui.ch\/new\/epilation-lampe-flash-lumiere-pulsee\/"]}]},{"@type":"BreadcrumbList","@id":"https:\/\/www.angellelui.ch\/new\/epilation-lampe-flash-lumiere-pulsee\/#breadcrumb","itemListElement":[{"@type":"ListItem","position":1,"name":"Accueil","item":"https:\/\/www.angellelui.ch\/new\/"},{"@type":"ListItem","position":2,"name":"\u00e9pilation"}]},{"@type":"WebSite","@id":"https:\/\/www.angellelui.ch\/new\/#website","url":"https:\/\/www.angellelui.ch\/new\/","name":"Ang'elle & lui \u00e0 Gland","description":"Institut de beaut\u00e9 pour votre bien-\u00eatre \u00e0 Gland","potentialAction":[{"@type":"SearchAction","target":{"@type":"EntryPoint","urlTemplate":"https:\/\/www.angellelui.ch\/new\/?s={search_term_string}"},"query-input":{"@type":"PropertyValueSpecification","valueRequired":true,"valueName":"search_term_string"}}],"inLanguage":"fr-FR"}]}},"_links":{"self":[{"href":"https:\/\/www.angellelui.ch\/new\/wp-json\/wp\/v2\/pages\/6438","targetHints":{"allow":["GET"]}}],"collection":[{"href":"https:\/\/www.angellelui.ch\/new\/wp-json\/wp\/v2\/pages"}],"about":[{"href":"https:\/\/www.angellelui.ch\/new\/wp-json\/wp\/v2\/types\/page"}],"author":[{"embeddable":true,"href":"https:\/\/www.angellelui.ch\/new\/wp-json\/wp\/v2\/users\/1"}],"replies":[{"embeddable":true,"href":"https:\/\/www.angellelui.ch\/new\/wp-json\/wp\/v2\/comments?post=6438"}],"version-history":[{"count":81,"href":"https:\/\/www.angellelui.ch\/new\/wp-json\/wp\/v2\/pages\/6438\/revisions"}],"predecessor-version":[{"id":10666,"href":"https:\/\/www.angellelui.ch\/new\/wp-json\/wp\/v2\/pages\/6438\/revisions\/10666"}],"wp:attachment":[{"href":"https:\/\/www.angellelui.ch\/new\/wp-json\/wp\/v2\/media?parent=6438"}],"curies":[{"name":"wp","href":"https:\/\/api.w.org\/{rel}","templated":true}]}}