{"id":8266,"date":"2014-04-27T09:53:28","date_gmt":"2014-04-27T07:53:28","guid":{"rendered":"http:\/\/www.angellelui.ch\/new\/?page_id=8266"},"modified":"2026-03-12T15:54:43","modified_gmt":"2026-03-12T14:54:43","slug":"soins-du-visage","status":"publish","type":"page","link":"https:\/\/www.angellelui.ch\/new\/soins-du-visage\/","title":{"rendered":"Soins du visage"},"content":{"rendered":"<div class=\"wpb-content-wrapper\">[vc_row row_type=\u00a0\u00bbsection\u00a0\u00bb type=\u00a0\u00bbgrid\u00a0\u00bb text_align=\u00a0\u00bbleft\u00a0\u00bb video=\u00a0\u00bb\u00a0\u00bb background_color=\u00a0\u00bb#ffffff\u00a0\u00bb padding_top=\u00a0\u00bb80&Prime; padding_bottom=\u00a0\u00bb80&Prime;][vc_column width=\u00a0\u00bb1\/2&Prime;][vc_row_inner row_type=\u00a0\u00bbrow\u00a0\u00bb text_align=\u00a0\u00bbcenter\u00a0\u00bb css_animation=\u00a0\u00bbelement_from_fade\u00a0\u00bb][vc_column_inner][vc_single_image image=\u00a0\u00bb7829&Prime; img_size=\u00a0\u00bbfull\u00a0\u00bb][\/vc_column_inner][\/vc_row_inner][\/vc_column][vc_column width=\u00a0\u00bb1\/2&Prime;][vc_row_inner row_type=\u00a0\u00bbrow\u00a0\u00bb text_align=\u00a0\u00bbleft\u00a0\u00bb css_animation=\u00a0\u00bb\u00a0\u00bb][vc_column_inner][vc_column_text]\n<h2><span style=\"color: #744883;\">Les S<\/span><span style=\"color: #744883;\">oins du visage et traitements anti-rides<\/span><\/h2>\n[\/vc_column_text][vc_separator type=\u00a0\u00bbtransparent\u00a0\u00bb up=\u00a0\u00bb12&Prime; down=\u00a0\u00bb12&Prime;][vc_column_text]\n<p style=\"text-align: justify;\"><strong>J&rsquo;ai le plaisir de vous faire d\u00e9couvrir une nouveaut\u00e9 \u00e0\u00a0l&rsquo;institut Ang&rsquo;elle &amp; lui: Le Hyaluron Pen pour combler vos rides et rendre vos l\u00e8vres plus pulpeuses! Avec un stylo qui injecte directement de l&rsquo;acide hyaluronique dans le derme et sans aiguilles. J&rsquo;ai l&rsquo;immense joie de pouvoir vous proposer\u00a0\u00e9galement depuis le mois de juillet 2020 le traitement des stars: <a href=\"https:\/\/www.angellelui.ch\/new\/hollywood-peel\/\">HOLLYWOOD PEEL<\/a>, un traitement nouveau non invasif pour\u00a0traiter les probl\u00e8mes de peau tels que les rides, les t\u00e2ches, les cicatrices d&rsquo;acn\u00e9s, les pores dilat\u00e9s et le teint terne.<\/strong><\/p>\n<p style=\"text-align: justify;\"><strong>D\u00e9couvrez l&rsquo;ensemble des prestations<\/strong>\u00a0dans votre institut de beaut\u00e9\u00a0Ang&rsquo;elle &amp; lui \u00e0 Gland afin de prendre soin de votre visage et de le rendre \u00e9clatant de puret\u00e9. Nous vous proposons \u00e9galement le traitement Hollywood Peel un traitement tr\u00e8s innovant a base de charbon actif activ\u00e9 gr\u00e2ce au Laser pour vous rendre une peau lisse jeune et \u00e9clatante. \u00a0\u00e0 votre institut de beaut\u00e9 \u00e0 Gland.<\/p>\n<p>&nbsp;<\/p>\n<p style=\"text-align: justify;\">Pour les traitements du visage, nous avons choisi la gamme de soins esth\u00e9tiques <a href=\"https:\/\/www.sothys.ch\/\" target=\"_blank\" rel=\"noopener\">Sothys<\/a>, technologie de r\u00e9f\u00e9rence dans le domaine de la beaut\u00e9 en institut. D&rsquo;autres appareils et technologies comme la la m\u00e9ta-th\u00e9rapie et le Hyaluron pen peuvent \u00eatre combin\u00e9s pour un meilleur r\u00e9sultat sur les rides profondes. Le Hyaluron Pen est une technique d&rsquo;injection d&rsquo;acide hyaluronique sans aiguilles pour combler\u00a0les rides moyennes \u00e0 profondes. Une technique particuli\u00e8rement appr\u00e9ci\u00e9e par ma client\u00e8le.<\/p>\n[\/vc_column_text][vc_separator type=\u00a0\u00bbtransparent\u00a0\u00bb up=\u00a0\u00bb15&Prime; down=\u00a0\u00bb15&Prime;][\/vc_column_inner][\/vc_row_inner][\/vc_column][\/vc_row][vc_row row_type=\u00a0\u00bbsection\u00a0\u00bb type=\u00a0\u00bbgrid\u00a0\u00bb anchor=\u00a0\u00bbhyaluronpen\u00a0\u00bb text_align=\u00a0\u00bbleft\u00a0\u00bb video=\u00a0\u00bb\u00a0\u00bb][vc_column width=\u00a0\u00bb1\/2&Prime;][vc_column_text]\n<h2><span style=\"color: #744883;\">Le Hyaluron Pen<\/span><\/h2>\n[\/vc_column_text][vc_separator type=\u00a0\u00bbtransparent\u00a0\u00bb up=\u00a0\u00bb12&Prime; down=\u00a0\u00bb12&Prime;][vc_column_text]\n<h5>Injection d\u2019acide hyaluronique sans aiguilles \u2013 Le Hyaluron pen !<\/h5>\n<p><strong>Marre de vos rides ? \u00a0<\/strong><strong>Envie de l\u00e8vres pulpeuses ?<\/strong><\/p>\n<p><strong>Pour vous je vous propose alors l\u2019injection d\u2019acide hyaluronique, sans aiguilles !<\/strong><\/p>\n<h5>Stylo \u00e0 injection sans aiguille<\/h5>\n<p>Ce stylo de micro-injection adopte une technique des plus avanc\u00e9es, sans aiguille ni injection. De plus en int\u00e9grant une technologie de pression par laquelle de fines mol\u00e9cules d\u2019acide hyaluronique sont inject\u00e9es dans votre peau afin de la re-pulper.<\/p>\n<p>L\u2019injection libre, n\u2019affectant qu\u2019une zone superficielle de la peau, est de nature totalement non invasive et ne cause aucune l\u00e9sion nerveuse p\u00e9riph\u00e9rique, rendant ce traitement indolore. De plus, l\u2019acide hyaluronique \u00e9tant un acide naturellement compos\u00e9 par le corps humain, cela ne produit aucune r\u00e9action allergique. Alors vous obtenez ainsi des l\u00e8vres naturellement ourl\u00e9es, sans bosses ni d\u00e9fauts, contrairement aux injections. Le prix varie entre 150.- et 350.- selon l&rsquo;acide hyaluronique inject\u00e9 dans le derme<\/p>\n<p style=\"text-align: justify;\"><a href=\"https:\/\/www.angellelui.ch\/new\/\"><span style=\"color: #744883;\"><strong>Disponible dans votre institut de beaut\u00e9 Ang&rsquo;elle &amp; lui \u00e0 Gland.<\/strong><\/span><\/a><\/p>\n<p>&nbsp;<\/p>\n[\/vc_column_text][vc_separator type=\u00a0\u00bbtransparent\u00a0\u00bb up=\u00a0\u00bb15&Prime; down=\u00a0\u00bb15&Prime;]<a href=\"https:\/\/www.angellelui.ch\/new\/injection-dacide-hyaluronique-sans-aiguilles\/\" target=\"_self\" class=\"qbutton  tiny\" style=\"\">Plus d'informations ici<i class=\"fa fa-angle-right fa-lg\" style=\"\"><\/i><\/a>[\/vc_column][vc_column width=\u00a0\u00bb1\/2&Prime;][vc_single_image image=\u00a0\u00bb10280&Prime; img_size=\u00a0\u00bbfull\u00a0\u00bb style=\u00a0\u00bbvc_box_shadow_3d\u00a0\u00bb][\/vc_column][\/vc_row][vc_row row_type=\u00a0\u00bbsection\u00a0\u00bb type=\u00a0\u00bbgrid\u00a0\u00bb anchor=\u00a0\u00bbhydraface\u00a0\u00bb text_align=\u00a0\u00bbleft\u00a0\u00bb video=\u00a0\u00bb\u00a0\u00bb][vc_column width=\u00a0\u00bb1\/2&Prime;][vc_single_image image=\u00a0\u00bb10680&Prime; img_size=\u00a0\u00bbfull\u00a0\u00bb style=\u00a0\u00bbvc_box_shadow_3d\u00a0\u00bb][\/vc_column][vc_column width=\u00a0\u00bb1\/2&Prime;][vc_column_text]\n<h2><span style=\"color: #744883;\">L&rsquo;Hydraface<\/span><\/h2>\n[\/vc_column_text][vc_separator type=\u00a0\u00bbtransparent\u00a0\u00bb up=\u00a0\u00bb12&Prime; down=\u00a0\u00bb12&Prime;][vc_column_text]<strong>L\u2019Hydraface est un\u00a0traitement\u00a0de peau \/ soin du visage nettoyant, d\u00e9sincrustant, hydratant, oxyg\u00e9nant\u00a0<\/strong><strong>et anti-\u00e2ge redoutablement efficace. <\/strong><\/p>\n<p>c\u2019est le seul traitement a vous proposer\u00a0diff\u00e9rentes technologies comme<\/p>\n<p>La radiofr\u00e9quence pour raffermir et lisser votre peau[\/vc_column_text][vc_separator type=\u00a0\u00bbtransparent\u00a0\u00bb up=\u00a0\u00bb15&Prime; down=\u00a0\u00bb15&Prime;]<a href=\"https:\/\/www.angellelui.ch\/new\/hydraface\/\" target=\"_self\" class=\"qbutton  tiny\" style=\"\">Plus d'informations ici<i class=\"fa fa-angle-right fa-lg\" style=\"\"><\/i><\/a>[\/vc_column][\/vc_row][vc_row row_type=\u00a0\u00bbsection\u00a0\u00bb type=\u00a0\u00bbgrid\u00a0\u00bb text_align=\u00a0\u00bbleft\u00a0\u00bb video=\u00a0\u00bb\u00a0\u00bb][vc_column][vc_column_text]\n<h2><span style=\"color: #744883;\">Tarifs soins du visage<\/span><\/h2>\n[\/vc_column_text][vc_separator type=\u00a0\u00bbtransparent\u00a0\u00bb color=\u00a0\u00bb#e5e5e5&Prime; thickness=\u00a0\u00bb1&Prime; up=\u00a0\u00bb12&Prime; down=\u00a0\u00bb12&Prime;][vc_accordion style=\u00a0\u00bbaccordion\u00a0\u00bb][vc_accordion_tab title=\u00a0\u00bbCliquez ici pour ouvrir la liste des tarifs\u00a0\u00bb icon=\u00a0\u00bbfa-money\u00a0\u00bb icon_color=\u00a0\u00bb#744883&Prime;][vc_column_text css=\u00a0\u00bb\u00a0\u00bb]\n<ul class=\"list_dots bordered\">\n<li>Hydraface CHF 150.\u2014 \u00e0 190.\u2014<\/li>\n<li>Hyaluron Pen injection d&rsquo;acide hyaluronique sans aiguilles CHF 150.\u2014 \u00e0 350.\u2014<\/li>\n<li><a href=\"https:\/\/www.angellelui.ch\/new\/hollywood-peel-a-votre-institut-angelle-lui-a-gland\/\">Hollywood Peel Traitement Laser Carbon ( anti rides et t\u00e2ches) 250.\u2014\u00a0<\/a><\/li>\n<li>Photorajeunissement visage et cou d\u00e8s 150.\u2014<\/li>\n<li><a href=\"https:\/\/www.angellelui.ch\/new\/le-bb-glow-et-micro-needling\/\">Le BB glow et le micro needling CHF de 149.\u2014 \u00e0 249.\u2014<\/a><\/li>\n<li><a href=\"https:\/\/www.angellelui.ch\/new\/produits-sothys\/\">Soin intensif Anti \u00e2ge SOTHYS 80\u2019 CHF 135.\u2014<\/a><\/li>\n<li>Intensif Hydratant 80\u2019 CHF 135.\u2014<\/li>\n<li>Soin du visage \u00e9nergisant 80&prime; CHF 135.\u2014<\/li>\n<li>Saisonnier 80\u2019 CHF 130.\u2014<\/li>\n<li>Mise en beaut\u00e9 45\u2019 CHF 95.\u2014<\/li>\n<li>Nettoyage de peau 45\u2019 CHF 95.\u2014<\/li>\n<li>Teinture cils CHF 32.\u2014<\/li>\n<li>Teinture sourcils CHF 27.\u2014<\/li>\n<li>Teinture cils et sourcils CHF 50.\u2014<\/li>\n<\/ul>\n[\/vc_column_text][\/vc_accordion_tab][\/vc_accordion][\/vc_column][\/vc_row][vc_row row_type=\u00a0\u00bbsection\u00a0\u00bb type=\u00a0\u00bbgrid\u00a0\u00bb text_align=\u00a0\u00bbleft\u00a0\u00bb video=\u00a0\u00bb\u00a0\u00bb][vc_column][vc_column_text]\n<p style=\"text-align: justify;\"><strong><span style=\"color: #744883;\">N&rsquo;h\u00e9sitez pas \u00e0 nous contacter au\u00a0022 364 49 45\u00a0pour plus d&rsquo;informations sur les soins du visage ou toutes autres soins ou\u00a0<span style=\"caret-color: #744883;\">traitements. N<\/span>ous nous ferons un plaisir de r\u00e9pondre \u00e0 vos questions. Ou contactez nous par\u00a0<\/span><a style=\"color: #744883;\" href=\"mailto:vanessa@angellelui.ch\" target=\"_blank\" rel=\"noopener noreferrer\"><span style=\"color: #744883;\">e-mail<\/span><\/a><span style=\"color: #744883;\">.<\/span><\/strong><\/p>\n<p>&nbsp;<\/p>\n<p style=\"text-align: justify;\"><strong>Merci beaucoup !<\/strong><\/p>\n[\/vc_column_text][vc_separator type=\u00a0\u00bbtransparent\u00a0\u00bb down=\u00a0\u00bb30&Prime;]<a href=\"https:\/\/salonkee.ch\/salon\/ang-elle-lui?lang=fr\" target=\"_self\" class=\"qbutton \" style=\"\">Prendre un rendez-vous<\/a>[\/vc_column][\/vc_row]\n<\/div>","protected":false},"excerpt":{"rendered":"<p>[vc_row row_type=\u00a0\u00bbsection\u00a0\u00bb type=\u00a0\u00bbgrid\u00a0\u00bb text_align=\u00a0\u00bbleft\u00a0\u00bb video=\u00a0\u00bb\u00a0\u00bb background_color=\u00a0\u00bb#ffffff\u00a0\u00bb padding_top=\u00a0\u00bb80&Prime; padding_bottom=\u00a0\u00bb80&Prime;][vc_column width=\u00a0\u00bb1\/2&Prime;][vc_row_inner row_type=\u00a0\u00bbrow\u00a0\u00bb text_align=\u00a0\u00bbcenter\u00a0\u00bb css_animation=\u00a0\u00bbelement_from_fade\u00a0\u00bb][vc_column_inner][vc_single_image image=\u00a0\u00bb7829&Prime; img_size=\u00a0\u00bbfull\u00a0\u00bb][\/vc_column_inner][\/vc_row_inner][\/vc_column][vc_column width=\u00a0\u00bb1\/2&Prime;][vc_row_inner row_type=\u00a0\u00bbrow\u00a0\u00bb text_align=\u00a0\u00bbleft\u00a0\u00bb css_animation=\u00a0\u00bb\u00a0\u00bb][vc_column_inner][vc_column_text] Les Soins du visage et traitements anti-rides [\/vc_column_text][vc_separator type=\u00a0\u00bbtransparent\u00a0\u00bb up=\u00a0\u00bb12&Prime; down=\u00a0\u00bb12&Prime;][vc_column_text] J&rsquo;ai le plaisir de vous faire d\u00e9couvrir une nouveaut\u00e9 \u00e0\u00a0l&rsquo;institut Ang&rsquo;elle &amp; lui: Le Hyaluron Pen&#8230;<\/p>\n","protected":false},"author":1,"featured_media":9579,"parent":0,"menu_order":0,"comment_status":"closed","ping_status":"closed","template":"full_width.php","meta":{"footnotes":""},"class_list":["post-8266","page","type-page","status-publish","has-post-thumbnail","hentry"],"yoast_head":"<!-- This site is optimized with the Yoast SEO plugin v27.4 - https:\/\/yoast.com\/product\/yoast-seo-wordpress\/ -->\n<title>soins du visage - Institut de beaut\u00e9 Ang&#039;elle &amp; lui Gland<\/title>\n<meta name=\"description\" content=\"soins du visage \u00e0 Gland, m\u00e9soth\u00e9rapie du visage anti-\u00e2ge, acide hyaluronique, traitement anti-rides, microblading maquillage permanent Gland Nyon Rolle\" \/>\n<meta name=\"robots\" content=\"index, follow, max-snippet:-1, max-image-preview:large, max-video-preview:-1\" \/>\n<link rel=\"canonical\" href=\"https:\/\/www.angellelui.ch\/new\/soins-du-visage\/\" \/>\n<meta property=\"og:locale\" content=\"fr_FR\" \/>\n<meta property=\"og:type\" content=\"article\" \/>\n<meta property=\"og:title\" content=\"soins du visage - Institut de beaut\u00e9 Ang&#039;elle &amp; lui Gland\" \/>\n<meta property=\"og:description\" content=\"soins du visage \u00e0 Gland, m\u00e9soth\u00e9rapie du visage anti-\u00e2ge, acide hyaluronique, traitement anti-rides, microblading maquillage permanent Gland Nyon Rolle\" \/>\n<meta property=\"og:url\" content=\"https:\/\/www.angellelui.ch\/new\/soins-du-visage\/\" \/>\n<meta property=\"og:site_name\" content=\"Ang&#039;elle &amp; lui \u00e0 Gland\" \/>\n<meta property=\"article:publisher\" content=\"https:\/\/www.facebook.com\/AngelleluiVanessa\/\" \/>\n<meta property=\"article:modified_time\" content=\"2026-03-12T14:54:43+00:00\" \/>\n<meta property=\"og:image\" content=\"https:\/\/www.angellelui.ch\/new\/wp-content\/uploads\/2015\/09\/Olivia_Gestuelle_visage_281_GF_blanc-e1443628457180.jpg\" \/>\n\t<meta property=\"og:image:width\" content=\"800\" \/>\n\t<meta property=\"og:image:height\" content=\"579\" \/>\n\t<meta property=\"og:image:type\" content=\"image\/jpeg\" \/>\n<meta name=\"twitter:label1\" content=\"Dur\u00e9e de lecture estim\u00e9e\" \/>\n\t<meta name=\"twitter:data1\" content=\"5 minutes\" \/>\n<script type=\"application\/ld+json\" class=\"yoast-schema-graph\">{\"@context\":\"https:\\\/\\\/schema.org\",\"@graph\":[{\"@type\":\"WebPage\",\"@id\":\"https:\\\/\\\/www.angellelui.ch\\\/new\\\/soins-du-visage\\\/\",\"url\":\"https:\\\/\\\/www.angellelui.ch\\\/new\\\/soins-du-visage\\\/\",\"name\":\"soins du visage - Institut de beaut\u00e9 Ang'elle & lui Gland\",\"isPartOf\":{\"@id\":\"https:\\\/\\\/www.angellelui.ch\\\/new\\\/#website\"},\"primaryImageOfPage\":{\"@id\":\"https:\\\/\\\/www.angellelui.ch\\\/new\\\/soins-du-visage\\\/#primaryimage\"},\"image\":{\"@id\":\"https:\\\/\\\/www.angellelui.ch\\\/new\\\/soins-du-visage\\\/#primaryimage\"},\"thumbnailUrl\":\"https:\\\/\\\/www.angellelui.ch\\\/new\\\/wp-content\\\/uploads\\\/2015\\\/09\\\/Olivia_Gestuelle_visage_281_GF_blanc-e1443628457180.jpg\",\"datePublished\":\"2014-04-27T07:53:28+00:00\",\"dateModified\":\"2026-03-12T14:54:43+00:00\",\"description\":\"soins du visage \u00e0 Gland, m\u00e9soth\u00e9rapie du visage anti-\u00e2ge, acide hyaluronique, traitement anti-rides, microblading maquillage permanent Gland Nyon Rolle\",\"breadcrumb\":{\"@id\":\"https:\\\/\\\/www.angellelui.ch\\\/new\\\/soins-du-visage\\\/#breadcrumb\"},\"inLanguage\":\"fr-FR\",\"potentialAction\":[{\"@type\":\"ReadAction\",\"target\":[\"https:\\\/\\\/www.angellelui.ch\\\/new\\\/soins-du-visage\\\/\"]}]},{\"@type\":\"ImageObject\",\"inLanguage\":\"fr-FR\",\"@id\":\"https:\\\/\\\/www.angellelui.ch\\\/new\\\/soins-du-visage\\\/#primaryimage\",\"url\":\"https:\\\/\\\/www.angellelui.ch\\\/new\\\/wp-content\\\/uploads\\\/2015\\\/09\\\/Olivia_Gestuelle_visage_281_GF_blanc-e1443628457180.jpg\",\"contentUrl\":\"https:\\\/\\\/www.angellelui.ch\\\/new\\\/wp-content\\\/uploads\\\/2015\\\/09\\\/Olivia_Gestuelle_visage_281_GF_blanc-e1443628457180.jpg\",\"width\":800,\"height\":579,\"caption\":\"Soin du visage institut de beaut\u00e9 Gland\"},{\"@type\":\"BreadcrumbList\",\"@id\":\"https:\\\/\\\/www.angellelui.ch\\\/new\\\/soins-du-visage\\\/#breadcrumb\",\"itemListElement\":[{\"@type\":\"ListItem\",\"position\":1,\"name\":\"Accueil\",\"item\":\"https:\\\/\\\/www.angellelui.ch\\\/new\\\/\"},{\"@type\":\"ListItem\",\"position\":2,\"name\":\"Soins du visage\"}]},{\"@type\":\"WebSite\",\"@id\":\"https:\\\/\\\/www.angellelui.ch\\\/new\\\/#website\",\"url\":\"https:\\\/\\\/www.angellelui.ch\\\/new\\\/\",\"name\":\"Ang'elle & lui \u00e0 Gland\",\"description\":\"Institut de beaut\u00e9 pour votre bien-\u00eatre \u00e0 Gland\",\"potentialAction\":[{\"@type\":\"SearchAction\",\"target\":{\"@type\":\"EntryPoint\",\"urlTemplate\":\"https:\\\/\\\/www.angellelui.ch\\\/new\\\/?s={search_term_string}\"},\"query-input\":{\"@type\":\"PropertyValueSpecification\",\"valueRequired\":true,\"valueName\":\"search_term_string\"}}],\"inLanguage\":\"fr-FR\"}]}<\/script>\n<!-- \/ Yoast SEO plugin. -->","yoast_head_json":{"title":"soins du visage - Institut de beaut\u00e9 Ang'elle & lui Gland","description":"soins du visage \u00e0 Gland, m\u00e9soth\u00e9rapie du visage anti-\u00e2ge, acide hyaluronique, traitement anti-rides, microblading maquillage permanent Gland Nyon Rolle","robots":{"index":"index","follow":"follow","max-snippet":"max-snippet:-1","max-image-preview":"max-image-preview:large","max-video-preview":"max-video-preview:-1"},"canonical":"https:\/\/www.angellelui.ch\/new\/soins-du-visage\/","og_locale":"fr_FR","og_type":"article","og_title":"soins du visage - Institut de beaut\u00e9 Ang'elle & lui Gland","og_description":"soins du visage \u00e0 Gland, m\u00e9soth\u00e9rapie du visage anti-\u00e2ge, acide hyaluronique, traitement anti-rides, microblading maquillage permanent Gland Nyon Rolle","og_url":"https:\/\/www.angellelui.ch\/new\/soins-du-visage\/","og_site_name":"Ang&#039;elle &amp; lui \u00e0 Gland","article_publisher":"https:\/\/www.facebook.com\/AngelleluiVanessa\/","article_modified_time":"2026-03-12T14:54:43+00:00","og_image":[{"width":800,"height":579,"url":"https:\/\/www.angellelui.ch\/new\/wp-content\/uploads\/2015\/09\/Olivia_Gestuelle_visage_281_GF_blanc-e1443628457180.jpg","type":"image\/jpeg"}],"twitter_misc":{"Dur\u00e9e de lecture estim\u00e9e":"5 minutes"},"schema":{"@context":"https:\/\/schema.org","@graph":[{"@type":"WebPage","@id":"https:\/\/www.angellelui.ch\/new\/soins-du-visage\/","url":"https:\/\/www.angellelui.ch\/new\/soins-du-visage\/","name":"soins du visage - Institut de beaut\u00e9 Ang'elle & lui Gland","isPartOf":{"@id":"https:\/\/www.angellelui.ch\/new\/#website"},"primaryImageOfPage":{"@id":"https:\/\/www.angellelui.ch\/new\/soins-du-visage\/#primaryimage"},"image":{"@id":"https:\/\/www.angellelui.ch\/new\/soins-du-visage\/#primaryimage"},"thumbnailUrl":"https:\/\/www.angellelui.ch\/new\/wp-content\/uploads\/2015\/09\/Olivia_Gestuelle_visage_281_GF_blanc-e1443628457180.jpg","datePublished":"2014-04-27T07:53:28+00:00","dateModified":"2026-03-12T14:54:43+00:00","description":"soins du visage \u00e0 Gland, m\u00e9soth\u00e9rapie du visage anti-\u00e2ge, acide hyaluronique, traitement anti-rides, microblading maquillage permanent Gland Nyon Rolle","breadcrumb":{"@id":"https:\/\/www.angellelui.ch\/new\/soins-du-visage\/#breadcrumb"},"inLanguage":"fr-FR","potentialAction":[{"@type":"ReadAction","target":["https:\/\/www.angellelui.ch\/new\/soins-du-visage\/"]}]},{"@type":"ImageObject","inLanguage":"fr-FR","@id":"https:\/\/www.angellelui.ch\/new\/soins-du-visage\/#primaryimage","url":"https:\/\/www.angellelui.ch\/new\/wp-content\/uploads\/2015\/09\/Olivia_Gestuelle_visage_281_GF_blanc-e1443628457180.jpg","contentUrl":"https:\/\/www.angellelui.ch\/new\/wp-content\/uploads\/2015\/09\/Olivia_Gestuelle_visage_281_GF_blanc-e1443628457180.jpg","width":800,"height":579,"caption":"Soin du visage institut de beaut\u00e9 Gland"},{"@type":"BreadcrumbList","@id":"https:\/\/www.angellelui.ch\/new\/soins-du-visage\/#breadcrumb","itemListElement":[{"@type":"ListItem","position":1,"name":"Accueil","item":"https:\/\/www.angellelui.ch\/new\/"},{"@type":"ListItem","position":2,"name":"Soins du visage"}]},{"@type":"WebSite","@id":"https:\/\/www.angellelui.ch\/new\/#website","url":"https:\/\/www.angellelui.ch\/new\/","name":"Ang'elle & lui \u00e0 Gland","description":"Institut de beaut\u00e9 pour votre bien-\u00eatre \u00e0 Gland","potentialAction":[{"@type":"SearchAction","target":{"@type":"EntryPoint","urlTemplate":"https:\/\/www.angellelui.ch\/new\/?s={search_term_string}"},"query-input":{"@type":"PropertyValueSpecification","valueRequired":true,"valueName":"search_term_string"}}],"inLanguage":"fr-FR"}]}},"_links":{"self":[{"href":"https:\/\/www.angellelui.ch\/new\/wp-json\/wp\/v2\/pages\/8266","targetHints":{"allow":["GET"]}}],"collection":[{"href":"https:\/\/www.angellelui.ch\/new\/wp-json\/wp\/v2\/pages"}],"about":[{"href":"https:\/\/www.angellelui.ch\/new\/wp-json\/wp\/v2\/types\/page"}],"author":[{"embeddable":true,"href":"https:\/\/www.angellelui.ch\/new\/wp-json\/wp\/v2\/users\/1"}],"replies":[{"embeddable":true,"href":"https:\/\/www.angellelui.ch\/new\/wp-json\/wp\/v2\/comments?post=8266"}],"version-history":[{"count":89,"href":"https:\/\/www.angellelui.ch\/new\/wp-json\/wp\/v2\/pages\/8266\/revisions"}],"predecessor-version":[{"id":10708,"href":"https:\/\/www.angellelui.ch\/new\/wp-json\/wp\/v2\/pages\/8266\/revisions\/10708"}],"wp:featuredmedia":[{"embeddable":true,"href":"https:\/\/www.angellelui.ch\/new\/wp-json\/wp\/v2\/media\/9579"}],"wp:attachment":[{"href":"https:\/\/www.angellelui.ch\/new\/wp-json\/wp\/v2\/media?parent=8266"}],"curies":[{"name":"wp","href":"https:\/\/api.w.org\/{rel}","templated":true}]}}