{"id":8410,"date":"2014-04-30T22:21:37","date_gmt":"2014-04-30T20:21:37","guid":{"rendered":"http:\/\/www.angellelui.ch\/new\/?page_id=8410"},"modified":"2023-02-10T11:51:22","modified_gmt":"2023-02-10T10:51:22","slug":"soins-du-corps","status":"publish","type":"page","link":"https:\/\/www.angellelui.ch\/new\/soins-du-corps\/","title":{"rendered":"soins du corps"},"content":{"rendered":"<div class=\"wpb-content-wrapper\">[vc_row row_type=\u00a0\u00bbsection\u00a0\u00bb type=\u00a0\u00bbgrid\u00a0\u00bb text_align=\u00a0\u00bbleft\u00a0\u00bb video=\u00a0\u00bb\u00a0\u00bb background_color=\u00a0\u00bb#ffffff\u00a0\u00bb padding_top=\u00a0\u00bb80&Prime; padding_bottom=\u00a0\u00bb80&Prime;][vc_column width=\u00a0\u00bb1\/2&Prime;][vc_row_inner row_type=\u00a0\u00bbrow\u00a0\u00bb text_align=\u00a0\u00bbcenter\u00a0\u00bb css_animation=\u00a0\u00bbelement_from_fade\u00a0\u00bb][vc_column_inner][vc_single_image image=\u00a0\u00bb8412&Prime; img_size=\u00a0\u00bbfull\u00a0\u00bb style=\u00a0\u00bbvc_box_shadow_3d\u00a0\u00bb][\/vc_column_inner][\/vc_row_inner][\/vc_column][vc_column width=\u00a0\u00bb1\/2&Prime;][vc_row_inner row_type=\u00a0\u00bbrow\u00a0\u00bb text_align=\u00a0\u00bbleft\u00a0\u00bb css_animation=\u00a0\u00bb\u00a0\u00bb][vc_column_inner][vc_column_text]\n<h2><span style=\"color: #744883;\">Les soins du corps<\/span><\/h2>\n[\/vc_column_text][vc_separator type=\u00a0\u00bbtransparent\u00a0\u00bb up=\u00a0\u00bb12&Prime; down=\u00a0\u00bb12&Prime;][vc_column_text]<strong>De la relaxation \u00e0 la beaut\u00e9 du corps vous avez le choix\u00a0!<\/strong><br \/>\nTous les soins du corps propos\u00e9s peuvent \u00eatre combin\u00e9s pour un r\u00e9sultat optimal. Massage relaxant, gommage complet du corps ou massage contre les douleurs musculaires, offrez-vous un moment de d\u00e9tente et de cocooning bien m\u00e9rit\u00e9 chez Ang&rsquo;elle &amp; lui \u00e0 Gland.[\/vc_column_text][vc_separator type=\u00a0\u00bbtransparent\u00a0\u00bb up=\u00a0\u00bb15&Prime; down=\u00a0\u00bb15&Prime;][\/vc_column_inner][\/vc_row_inner][\/vc_column][\/vc_row][vc_row row_type=\u00a0\u00bbsection\u00a0\u00bb type=\u00a0\u00bbgrid\u00a0\u00bb text_align=\u00a0\u00bbleft\u00a0\u00bb video=\u00a0\u00bb\u00a0\u00bb][vc_column][vc_column_text]<span style=\"color: #744883;\">De la relaxation \u00e0 la beaut\u00e9 du corps vous avez le choix. Tous les soins propos\u00e9s peuvent \u00eatre combin\u00e9s pour un moment encore plus b\u00e9n\u00e9fique et bien m\u00e9rit\u00e9.<\/span>[\/vc_column_text][vc_separator type=\u00a0\u00bbtransparent\u00a0\u00bb color=\u00a0\u00bb#ffffff\u00a0\u00bb up=\u00a0\u00bb12&Prime; down=\u00a0\u00bb12&Prime;][vc_column_text]\n<h2><span style=\"color: #744883;\">Tarifs soins du corps<\/span><\/h2>\n[\/vc_column_text][vc_separator type=\u00a0\u00bbtransparent\u00a0\u00bb color=\u00a0\u00bb#e5e5e5&Prime; thickness=\u00a0\u00bb1&Prime; up=\u00a0\u00bb12&Prime; down=\u00a0\u00bb12&Prime;][vc_accordion style=\u00a0\u00bbaccordion\u00a0\u00bb][vc_accordion_tab title=\u00a0\u00bbCliquez ici pour ouvrir la liste des tarifs\u00a0\u00bb icon=\u00a0\u00bb\u00a0\u00bb][vc_column_text]\n<ul class=\"list_dots bordered\">\n<li>Nettoyage complet du corps + massage a l&rsquo;huile tonifiante (anti-\u00e2ge et raffermissant) CHF 180.\u2014<\/li>\n<li>Massage complet relaxant corps 85&prime; CHF 150.\u2014<\/li>\n<li>Peau soyeuse (gommage du corps) 50\u2019 CHF 97.\u2014<\/li>\n<li>Massage relaxant du corps 60\u2019 CHF 110.\u2014<\/li>\n<li>Massage th\u00e9rapeutique (sciatique, douleurs dorsales, etc.)\u00a030\u2019 CHF 65.\u2014<\/li>\n<li>Rituel HANAKASUMI d&rsquo;inspiration japonaise : rituel ressour\u00e7ant et nourrissant aux notes a\u00e9riennes\u00a080\u2019 CHF 127.\u2014<\/li>\n<li>Massage relaxant d\u00e9tente du dos\u00a030\u2019 CHF 65.\u2014<\/li>\n<li>Nettoyage du dos\u00a040\u2019 CHF 75.\u2014<\/li>\n<\/ul>\n[\/vc_column_text][\/vc_accordion_tab][\/vc_accordion][\/vc_column][\/vc_row][vc_row row_type=\u00a0\u00bbsection\u00a0\u00bb type=\u00a0\u00bbgrid\u00a0\u00bb text_align=\u00a0\u00bbleft\u00a0\u00bb video=\u00a0\u00bb\u00a0\u00bb][vc_column width=\u00a0\u00bb1\/2&Prime;][vc_column_text]\n<h2><span style=\"color: #744883;\">Les produits appliqu\u00e9s<\/span><\/h2>\n[\/vc_column_text][vc_separator type=\u00a0\u00bbtransparent\u00a0\u00bb up=\u00a0\u00bb12&Prime; down=\u00a0\u00bb12&Prime;][vc_column_text]\n<p style=\"text-align: justify;\">Depuis plus de 60 ans, une m\u00eame passion de la perfection, une m\u00eame qu\u00eate de la beaut\u00e9 globale r\u00e9v\u00e9l\u00e9e aux femmes et aux hommes par le bien-\u00eatre et l\u2019efficacit\u00e9. Marque hautement sp\u00e9cialis\u00e9e, la Maison Sothys\u00ae se distingue depuis sa cr\u00e9ation par un engagement prodigieux dans la recherche et l\u2019innovation et s\u2019impose comme d\u00e9tentrice reconnue d\u2019une expertise esth\u00e9tique d\u2019avant-garde.<\/p>\n<p>&nbsp;<\/p>\n<p style=\"text-align: justify;\"><strong>Elle est \u00e0 l\u2019origine de la Digi-Esth\u00e9tique\u00ae, m\u00e9thode exclusive de modelage, qui, avec la complicit\u00e9 fondamentale des esth\u00e9ticiennes, est \u00e0 m\u00eame de transformer le soin d\u2019institut en une inoubliable exp\u00e9rience sensorielle.<\/strong><\/p>\n[\/vc_column_text][vc_separator type=\u00a0\u00bbtransparent\u00a0\u00bb up=\u00a0\u00bb15&Prime; down=\u00a0\u00bb15&Prime;][\/vc_column][vc_column width=\u00a0\u00bb1\/2&Prime;][vc_single_image image=\u00a0\u00bb8273&Prime; img_size=\u00a0\u00bbfull\u00a0\u00bb style=\u00a0\u00bbvc_box_shadow_3d\u00a0\u00bb][\/vc_column][\/vc_row][vc_row row_type=\u00a0\u00bbsection\u00a0\u00bb type=\u00a0\u00bbfull_width\u00a0\u00bb anchor=\u00a0\u00bbparallax\u00a0\u00bb text_align=\u00a0\u00bbleft\u00a0\u00bb video=\u00a0\u00bb\u00a0\u00bb][vc_column][vc_separator type=\u00a0\u00bbtransparent\u00a0\u00bb][vc_parallax][vc_parallax_section title=\u00a0\u00bbSection 1&Prime; background_image=\u00a0\u00bb8415&Prime; height=\u00a0\u00bb450&Prime; position=\u00a0\u00bbcenter\u00a0\u00bb][\/vc_parallax_section][vc_parallax_section title=\u00a0\u00bbSection 2&Prime; background_image=\u00a0\u00bb8416&Prime; height=\u00a0\u00bb450&Prime; position=\u00a0\u00bbcenter\u00a0\u00bb][\/vc_parallax_section][\/vc_parallax][\/vc_column][\/vc_row][vc_row row_type=\u00a0\u00bbsection\u00a0\u00bb type=\u00a0\u00bbgrid\u00a0\u00bb text_align=\u00a0\u00bbleft\u00a0\u00bb video=\u00a0\u00bb\u00a0\u00bb][vc_column][vc_column_text]\n<p style=\"text-align: justify;\"><span style=\"color: #744883;\"><strong>N&rsquo;h\u00e9sitez pas \u00e0 nous contacter au\u00a0022 364 49 45\u00a0pour plus d&rsquo;informations, nous nous ferons un plaisir de r\u00e9pondre \u00e0 vos questions. Ou contactez nous par\u00a0<a href=\"mailto:vanessa@angellelui.ch\" target=\"_blank\" rel=\"noopener noreferrer\"><span style=\"color: #744883;\">e-mail<\/span><\/a>.<\/strong><\/span><\/p>\n<p>&nbsp;<\/p>\n<p style=\"text-align: justify;\"><strong>Merci beaucoup !<\/strong><\/p>\n[\/vc_column_text][vc_separator type=\u00a0\u00bbtransparent\u00a0\u00bb down=\u00a0\u00bb30&Prime;]<a href=\"https:\/\/salonkee.ch\/salon\/ang-elle-lui?lang=fr\" target=\"_blank\" class=\"qbutton \" style=\"\">Prendre un rendez-vous<\/a>[\/vc_column][\/vc_row]\n<\/div>","protected":false},"excerpt":{"rendered":"<p>[vc_row row_type=\u00a0\u00bbsection\u00a0\u00bb type=\u00a0\u00bbgrid\u00a0\u00bb text_align=\u00a0\u00bbleft\u00a0\u00bb video=\u00a0\u00bb\u00a0\u00bb background_color=\u00a0\u00bb#ffffff\u00a0\u00bb padding_top=\u00a0\u00bb80&Prime; padding_bottom=\u00a0\u00bb80&Prime;][vc_column width=\u00a0\u00bb1\/2&Prime;][vc_row_inner row_type=\u00a0\u00bbrow\u00a0\u00bb text_align=\u00a0\u00bbcenter\u00a0\u00bb css_animation=\u00a0\u00bbelement_from_fade\u00a0\u00bb][vc_column_inner][vc_single_image image=\u00a0\u00bb8412&Prime; img_size=\u00a0\u00bbfull\u00a0\u00bb style=\u00a0\u00bbvc_box_shadow_3d\u00a0\u00bb][\/vc_column_inner][\/vc_row_inner][\/vc_column][vc_column width=\u00a0\u00bb1\/2&Prime;][vc_row_inner row_type=\u00a0\u00bbrow\u00a0\u00bb text_align=\u00a0\u00bbleft\u00a0\u00bb css_animation=\u00a0\u00bb\u00a0\u00bb][vc_column_inner][vc_column_text] Les soins du corps [\/vc_column_text][vc_separator type=\u00a0\u00bbtransparent\u00a0\u00bb up=\u00a0\u00bb12&Prime; down=\u00a0\u00bb12&Prime;][vc_column_text]De la relaxation \u00e0 la beaut\u00e9 du corps vous avez le choix\u00a0! Tous les soins du corps propos\u00e9s peuvent&#8230;<\/p>\n","protected":false},"author":1,"featured_media":0,"parent":0,"menu_order":0,"comment_status":"closed","ping_status":"closed","template":"full_width.php","meta":{"footnotes":""},"class_list":["post-8410","page","type-page","status-publish","hentry"],"yoast_head":"<!-- This site is optimized with the Yoast SEO plugin v27.4 - https:\/\/yoast.com\/product\/yoast-seo-wordpress\/ -->\n<title>Les soins du corps - Institut de beaut\u00e9 Ang&#039;elle &amp; lui<\/title>\n<meta name=\"description\" content=\"Les soins du corps Massage corps chaud \u00e0 l&#039;Or (anti-\u00e2ge), Gommage du corps, Massage th\u00e9rapeutique (douleurs dorsales), Rituel HANAKASUMI, Massage relaxant\" \/>\n<meta name=\"robots\" content=\"index, follow, max-snippet:-1, max-image-preview:large, max-video-preview:-1\" \/>\n<link rel=\"canonical\" href=\"https:\/\/www.angellelui.ch\/new\/soins-du-corps\/\" \/>\n<meta property=\"og:locale\" content=\"fr_FR\" \/>\n<meta property=\"og:type\" content=\"article\" \/>\n<meta property=\"og:title\" content=\"Les soins du corps - Institut de beaut\u00e9 Ang&#039;elle &amp; lui\" \/>\n<meta property=\"og:description\" content=\"Les soins du corps Massage corps chaud \u00e0 l&#039;Or (anti-\u00e2ge), Gommage du corps, Massage th\u00e9rapeutique (douleurs dorsales), Rituel HANAKASUMI, Massage relaxant\" \/>\n<meta property=\"og:url\" content=\"https:\/\/www.angellelui.ch\/new\/soins-du-corps\/\" \/>\n<meta property=\"og:site_name\" content=\"Ang&#039;elle &amp; lui \u00e0 Gland\" \/>\n<meta property=\"article:publisher\" content=\"https:\/\/www.facebook.com\/AngelleluiVanessa\/\" \/>\n<meta property=\"article:modified_time\" content=\"2023-02-10T10:51:22+00:00\" \/>\n<meta name=\"twitter:label1\" content=\"Dur\u00e9e de lecture estim\u00e9e\" \/>\n\t<meta name=\"twitter:data1\" content=\"3 minutes\" \/>\n<script type=\"application\/ld+json\" class=\"yoast-schema-graph\">{\"@context\":\"https:\\\/\\\/schema.org\",\"@graph\":[{\"@type\":\"WebPage\",\"@id\":\"https:\\\/\\\/www.angellelui.ch\\\/new\\\/soins-du-corps\\\/\",\"url\":\"https:\\\/\\\/www.angellelui.ch\\\/new\\\/soins-du-corps\\\/\",\"name\":\"Les soins du corps - Institut de beaut\u00e9 Ang'elle & lui\",\"isPartOf\":{\"@id\":\"https:\\\/\\\/www.angellelui.ch\\\/new\\\/#website\"},\"datePublished\":\"2014-04-30T20:21:37+00:00\",\"dateModified\":\"2023-02-10T10:51:22+00:00\",\"description\":\"Les soins du corps Massage corps chaud \u00e0 l'Or (anti-\u00e2ge), Gommage du corps, Massage th\u00e9rapeutique (douleurs dorsales), Rituel HANAKASUMI, Massage relaxant\",\"breadcrumb\":{\"@id\":\"https:\\\/\\\/www.angellelui.ch\\\/new\\\/soins-du-corps\\\/#breadcrumb\"},\"inLanguage\":\"fr-FR\",\"potentialAction\":[{\"@type\":\"ReadAction\",\"target\":[\"https:\\\/\\\/www.angellelui.ch\\\/new\\\/soins-du-corps\\\/\"]}]},{\"@type\":\"BreadcrumbList\",\"@id\":\"https:\\\/\\\/www.angellelui.ch\\\/new\\\/soins-du-corps\\\/#breadcrumb\",\"itemListElement\":[{\"@type\":\"ListItem\",\"position\":1,\"name\":\"Accueil\",\"item\":\"https:\\\/\\\/www.angellelui.ch\\\/new\\\/\"},{\"@type\":\"ListItem\",\"position\":2,\"name\":\"soins du corps\"}]},{\"@type\":\"WebSite\",\"@id\":\"https:\\\/\\\/www.angellelui.ch\\\/new\\\/#website\",\"url\":\"https:\\\/\\\/www.angellelui.ch\\\/new\\\/\",\"name\":\"Ang'elle & lui \u00e0 Gland\",\"description\":\"Institut de beaut\u00e9 pour votre bien-\u00eatre \u00e0 Gland\",\"potentialAction\":[{\"@type\":\"SearchAction\",\"target\":{\"@type\":\"EntryPoint\",\"urlTemplate\":\"https:\\\/\\\/www.angellelui.ch\\\/new\\\/?s={search_term_string}\"},\"query-input\":{\"@type\":\"PropertyValueSpecification\",\"valueRequired\":true,\"valueName\":\"search_term_string\"}}],\"inLanguage\":\"fr-FR\"}]}<\/script>\n<!-- \/ Yoast SEO plugin. -->","yoast_head_json":{"title":"Les soins du corps - Institut de beaut\u00e9 Ang'elle & lui","description":"Les soins du corps Massage corps chaud \u00e0 l'Or (anti-\u00e2ge), Gommage du corps, Massage th\u00e9rapeutique (douleurs dorsales), Rituel HANAKASUMI, Massage relaxant","robots":{"index":"index","follow":"follow","max-snippet":"max-snippet:-1","max-image-preview":"max-image-preview:large","max-video-preview":"max-video-preview:-1"},"canonical":"https:\/\/www.angellelui.ch\/new\/soins-du-corps\/","og_locale":"fr_FR","og_type":"article","og_title":"Les soins du corps - Institut de beaut\u00e9 Ang'elle & lui","og_description":"Les soins du corps Massage corps chaud \u00e0 l'Or (anti-\u00e2ge), Gommage du corps, Massage th\u00e9rapeutique (douleurs dorsales), Rituel HANAKASUMI, Massage relaxant","og_url":"https:\/\/www.angellelui.ch\/new\/soins-du-corps\/","og_site_name":"Ang&#039;elle &amp; lui \u00e0 Gland","article_publisher":"https:\/\/www.facebook.com\/AngelleluiVanessa\/","article_modified_time":"2023-02-10T10:51:22+00:00","twitter_misc":{"Dur\u00e9e de lecture estim\u00e9e":"3 minutes"},"schema":{"@context":"https:\/\/schema.org","@graph":[{"@type":"WebPage","@id":"https:\/\/www.angellelui.ch\/new\/soins-du-corps\/","url":"https:\/\/www.angellelui.ch\/new\/soins-du-corps\/","name":"Les soins du corps - Institut de beaut\u00e9 Ang'elle & lui","isPartOf":{"@id":"https:\/\/www.angellelui.ch\/new\/#website"},"datePublished":"2014-04-30T20:21:37+00:00","dateModified":"2023-02-10T10:51:22+00:00","description":"Les soins du corps Massage corps chaud \u00e0 l'Or (anti-\u00e2ge), Gommage du corps, Massage th\u00e9rapeutique (douleurs dorsales), Rituel HANAKASUMI, Massage relaxant","breadcrumb":{"@id":"https:\/\/www.angellelui.ch\/new\/soins-du-corps\/#breadcrumb"},"inLanguage":"fr-FR","potentialAction":[{"@type":"ReadAction","target":["https:\/\/www.angellelui.ch\/new\/soins-du-corps\/"]}]},{"@type":"BreadcrumbList","@id":"https:\/\/www.angellelui.ch\/new\/soins-du-corps\/#breadcrumb","itemListElement":[{"@type":"ListItem","position":1,"name":"Accueil","item":"https:\/\/www.angellelui.ch\/new\/"},{"@type":"ListItem","position":2,"name":"soins du corps"}]},{"@type":"WebSite","@id":"https:\/\/www.angellelui.ch\/new\/#website","url":"https:\/\/www.angellelui.ch\/new\/","name":"Ang'elle & lui \u00e0 Gland","description":"Institut de beaut\u00e9 pour votre bien-\u00eatre \u00e0 Gland","potentialAction":[{"@type":"SearchAction","target":{"@type":"EntryPoint","urlTemplate":"https:\/\/www.angellelui.ch\/new\/?s={search_term_string}"},"query-input":{"@type":"PropertyValueSpecification","valueRequired":true,"valueName":"search_term_string"}}],"inLanguage":"fr-FR"}]}},"_links":{"self":[{"href":"https:\/\/www.angellelui.ch\/new\/wp-json\/wp\/v2\/pages\/8410","targetHints":{"allow":["GET"]}}],"collection":[{"href":"https:\/\/www.angellelui.ch\/new\/wp-json\/wp\/v2\/pages"}],"about":[{"href":"https:\/\/www.angellelui.ch\/new\/wp-json\/wp\/v2\/types\/page"}],"author":[{"embeddable":true,"href":"https:\/\/www.angellelui.ch\/new\/wp-json\/wp\/v2\/users\/1"}],"replies":[{"embeddable":true,"href":"https:\/\/www.angellelui.ch\/new\/wp-json\/wp\/v2\/comments?post=8410"}],"version-history":[{"count":29,"href":"https:\/\/www.angellelui.ch\/new\/wp-json\/wp\/v2\/pages\/8410\/revisions"}],"predecessor-version":[{"id":8418,"href":"https:\/\/www.angellelui.ch\/new\/wp-json\/wp\/v2\/pages\/8410\/revisions\/8418"}],"wp:attachment":[{"href":"https:\/\/www.angellelui.ch\/new\/wp-json\/wp\/v2\/media?parent=8410"}],"curies":[{"name":"wp","href":"https:\/\/api.w.org\/{rel}","templated":true}]}}