{"id":9171,"date":"2015-02-10T13:18:52","date_gmt":"2015-02-10T12:18:52","guid":{"rendered":"http:\/\/www.angellelui.ch\/new\/?page_id=9171"},"modified":"2023-04-04T17:29:40","modified_gmt":"2023-04-04T15:29:40","slug":"le-bb-glow-et-micro-needling","status":"publish","type":"page","link":"https:\/\/www.angellelui.ch\/new\/le-bb-glow-et-micro-needling\/","title":{"rendered":"Le BB glow et micro needling"},"content":{"rendered":"<div class=\"wpb-content-wrapper\">[vc_row row_type=\u00a0\u00bbsection\u00a0\u00bb type=\u00a0\u00bbgrid\u00a0\u00bb text_align=\u00a0\u00bbleft\u00a0\u00bb video=\u00a0\u00bb\u00a0\u00bb background_color=\u00a0\u00bb#ffffff\u00a0\u00bb padding_top=\u00a0\u00bb80&Prime; padding_bottom=\u00a0\u00bb80&Prime;][vc_column width=\u00a0\u00bb1\/2&Prime;][vc_row_inner row_type=\u00a0\u00bbrow\u00a0\u00bb text_align=\u00a0\u00bbcenter\u00a0\u00bb css_animation=\u00a0\u00bbelement_from_fade\u00a0\u00bb][vc_column_inner][vc_single_image image=\u00a0\u00bb10353&Prime; img_size=\u00a0\u00bbfull\u00a0\u00bb style=\u00a0\u00bbvc_box_shadow_3d\u00a0\u00bb][\/vc_column_inner][\/vc_row_inner][\/vc_column][vc_column width=\u00a0\u00bb1\/2&Prime;][vc_row_inner row_type=\u00a0\u00bbrow\u00a0\u00bb text_align=\u00a0\u00bbleft\u00a0\u00bb css_animation=\u00a0\u00bb\u00a0\u00bb][vc_column_inner][vc_column_text]\n<h2><span style=\"color: #744883;\">Le BB glow et le micro needling<\/span><\/h2>\n[\/vc_column_text][vc_separator type=\u00a0\u00bbtransparent\u00a0\u00bb up=\u00a0\u00bb12&Prime; down=\u00a0\u00bb12&Prime;][vc_column_text]Je vous conseille le\u00a0<span style=\"color: #744883;\"><strong>micro needling BB glow<\/strong><\/span>\u00a0pour un <span style=\"color: #744883;\"><strong>traitement rajeunissant<\/strong><\/span> de votre peau du visage et des YEUX, dont les r\u00e9sultats ne sont plus \u00e0 prouver. Avec le temps, votre peau perd de sa tonicit\u00e9 et son \u00e9lasticit\u00e9 par rar\u00e9faction du collag\u00e8ne et la diminution de l\u2019hydratation. Je vous traite avec le\u00a0<span style=\"color: #744883;\"><strong>micro needling BB glow pour\u00a0<\/strong><\/span>permettre d\u2019introduire l\u2019acide hyaluronique ainsi qu&rsquo;une cr\u00e8me teint\u00e9e des vitamines profond\u00e9ment dans votre peau. Ainsi votre visage est de la r\u00e9-hydrat\u00e9, color\u00e9 de mani\u00e8re permanente et il est repulpl\u00e9. Je l&rsquo;indique particuli\u00e8rement pour les peaux qui pr\u00e9sentent des rides ou des ridules en forme de pattes d\u2019oie (au coin des yeux)ainsi que les personne cern\u00e9es. Les cr\u00e8mes ne franchissent pas l\u2019\u00e9piderme. L\u00e0 j&rsquo;interviens directement avec les principes actifs o\u00f9 l\u2019on veut. Je le recommande <span style=\"color: #744883;\"><strong>pour toute personne qui souhaite b\u00e9n\u00e9ficier d\u2019un v\u00e9ritable \u00a0\u00ab coup de jeune \u00bb.<\/strong><\/span><\/p>\n<p>&nbsp;<\/p>\n<p>La m\u00e9soth\u00e9rapie esth\u00e9tique permet de r\u00e9tablir l\u2019hydratation et l\u2019\u00e9quilibre dont la peau a besoin. De re-pulper votre visage pour para\u00eetre plus jeune, plus rayonnante. Nous faisons p\u00e9n\u00e9trer gr\u00e2ce \u00e0 la m\u00e9soth\u00e9rapie jusqu\u2019au derme des \u00e9l\u00e9ments essentiels, compos\u00e9 d\u2019un cocktail \u00e0 base d\u2019antioxydants, d&rsquo;acide hyaluronique, de vitamines, d\u2019oligo\u00e9l\u00e9ments et d\u2019acides amin\u00e9s.<\/p>\n<p>&nbsp;<\/p>\n<p><strong><span style=\"color: #744883;\">Le\u00a0<span style=\"caret-color: #744883;\">micro<\/span>\u00a0needling BB glow<\/span><\/strong>\u00a0est aussi un traitement pr\u00e9ventif. Les meilleurs r\u00e9sultats, pour lvotre visage, sont obtenus quand on commence jeune, entre trente et quarante ans et que le traitement est suivi de mani\u00e8re r\u00e9guli\u00e8re.<span style=\"color: #744883;\"><strong> Il est conseill\u00e9 de faire 3 \u00e0 4 s\u00e9ances espac\u00e9es de deux semaines chacune.<\/strong><\/span><\/p>\n<p>&nbsp;<\/p>\n<h5 style=\"text-align: left;\"><span style=\"color: #744883;\"><strong>Pour quelle type de peau le micro needling BB glow est-il adapt\u00e9 ?<\/strong><\/span><br \/>\nIl est indiqu\u00e9e surtout pour les peaux fines, ternes, s\u00e8ches, atones, les teints asphyxi\u00e9s des fumeurs et les peaux mixtes. Dans ces cas, le r\u00e9sultat est merveilleux. La peau se re-colore, le teint prend de l\u2019\u00e9clat, les ridules s\u2019att\u00e9nuent.<\/h5>\n<p>&nbsp;<\/p>\n<h5 style=\"text-align: left;\"><span style=\"color: #744883;\"><strong>On parle maintenant d\u2019ajout d\u2019acide hyaluronique avec le BBGLOW et donc de traitement comblant ?<\/strong><\/span><br \/>\nSi on recherche un effet re-pulpant, on en profite effectivement pour ins\u00e9rer de l&rsquo; <span style=\"color: #744883;\"><strong>acide\u00a0<\/strong><\/span><span style=\"color: #744883;\"><strong>hyaluronique qui est contenu dans la BB cr\u00e8me.<\/strong><\/span>\u00a0L\u2019int\u00e9r\u00eat est de r\u00e9-hydrater en profondeur.<\/h5>\n<p>&nbsp;<\/p>\n<p>je me r\u00e9jouis d&rsquo;avance de vous faire d\u00e9couvrir ce soin \u00e0 <a href=\"https:\/\/www.angellelui.ch\/new\/\">l&rsquo;institut de beaut\u00e9 Ang&rsquo;Elle &amp; Lui<\/a><\/p>\n<p>&nbsp;<\/p>\n<blockquote class=\"wp-embedded-content\" data-secret=\"KreAZMjAdr\"><p><a href=\"https:\/\/www.angellelui.ch\/new\/hollywood-peel\/\">Hollywood peel<\/a><\/p><\/blockquote>\n<p><iframe loading=\"lazy\" class=\"wp-embedded-content\" sandbox=\"allow-scripts\" security=\"restricted\" style=\"position: absolute; clip: rect(1px, 1px, 1px, 1px);\" title=\"\u00ab\u00a0Hollywood peel\u00a0\u00bb &#8212; Ang&#039;elle &amp; lui \u00e0 Gland\" src=\"https:\/\/www.angellelui.ch\/new\/hollywood-peel\/embed\/#?secret=KreAZMjAdr\" data-secret=\"KreAZMjAdr\" width=\"600\" height=\"338\" frameborder=\"0\" marginwidth=\"0\" marginheight=\"0\" scrolling=\"no\"><\/iframe><\/p>\n[\/vc_column_text][\/vc_column_inner][\/vc_row_inner][\/vc_column][\/vc_row][vc_row row_type=\u00a0\u00bbsection\u00a0\u00bb type=\u00a0\u00bbgrid\u00a0\u00bb text_align=\u00a0\u00bbleft\u00a0\u00bb video=\u00a0\u00bb\u00a0\u00bb][vc_column][vc_column_text]\n<h2><span style=\"color: #744883;\">Tarif\u00a0Microneedling BB glow<\/span><\/h2>\n[\/vc_column_text][vc_separator type=\u00a0\u00bbtransparent\u00a0\u00bb color=\u00a0\u00bb#e5e5e5&Prime; thickness=\u00a0\u00bb1&Prime; up=\u00a0\u00bb12&Prime; down=\u00a0\u00bb12&Prime;][vc_accordion style=\u00a0\u00bbaccordion\u00a0\u00bb][vc_accordion_tab title=\u00a0\u00bbCliquez ici pour ouvrir la liste\u00a0\u00bb icon=\u00a0\u00bb\u00a0\u00bb][vc_column_text]\n<ul class=\"list_dots bordered\">\n<li>1 s\u00e9ance \u00a0 \u00a0 \u00a0 \u00a0 \u00a0 \u00a0 \u00a0 \u00a0 \u00a0 \u00a0 \u00a0 \u00a0 \u00a0 \u00a0 \u00a0 \u00a0 \u00a0 \u00a0 CHF 249.\u2014<\/li>\n<li>2\u00e8me s\u00e9ance \u00a0 \u00a0 \u00a0 \u00a0 \u00a0 \u00a0 \u00a0 \u00a0 \u00a0 \u00a0 \u00a0 \u00a0 \u00a0 \u00a0 CHF 229.\u2014<\/li>\n<li>3\u00e8me s\u00e9ances \u00a0 \u00a0 \u00a0 \u00a0 \u00a0 \u00a0 \u00a0 \u00a0 \u00a0 \u00a0 \u00a0 \u00a0 \u00a0 CHF 199.\u2014<\/li>\n<li>Micro needling ou BB glow seul CHF 150.\u2014<br \/>\n<b style=\"color: #744883;\">Il est conseill\u00e9 de faire 3 s\u00e9ances espac\u00e9es de 2 \u00e0 3 semaines chacune. Vous pouvez combinez ce traitement avec <a href=\"https:\/\/www.angellelui.ch\/new\/hollywood-peel\/\">le Hollywood Peel<\/a> ou le <a href=\"https:\/\/www.angellelui.ch\/new\/le-photorajeunissement\/\">photorajeunissement<\/a> pour un\u00a0<\/b><span style=\"color: #744883;\"><span style=\"caret-color: #744883;\"><b>r\u00e9sultat encore meilleur.<\/b><\/span><\/span><\/li>\n<\/ul>\n[\/vc_column_text][\/vc_accordion_tab][\/vc_accordion][\/vc_column][\/vc_row][vc_row row_type=\u00a0\u00bbsection\u00a0\u00bb type=\u00a0\u00bbgrid\u00a0\u00bb text_align=\u00a0\u00bbleft\u00a0\u00bb video=\u00a0\u00bb\u00a0\u00bb][vc_column][vc_column_text]\n<p style=\"text-align: justify;\"><span style=\"color: #744883;\"><strong>N&rsquo;h\u00e9sitez pas \u00e0 nous contacter au\u00a0022 364 49 45\u00a0pour plus d&rsquo;informations, nous nous ferons un plaisir de r\u00e9pondre \u00e0 vos questions. Ou contactez nous par\u00a0<a href=\"mailto:vanessa@angellelui.ch\" target=\"_blank\" rel=\"noopener noreferrer\"><span style=\"color: #744883;\">e-mail<\/span><\/a>.<\/strong><\/span><\/p>\n<p>&nbsp;<\/p>\n<p style=\"text-align: justify;\"><strong>Merci beaucoup !<\/strong><\/p>\n[\/vc_column_text][vc_separator type=\u00a0\u00bbtransparent\u00a0\u00bb down=\u00a0\u00bb30&Prime;]<a href=\"https:\/\/salonkee.ch\/salon\/ang-elle-lui?lang=fr\" target=\"_self\" class=\"qbutton \" style=\"\">Prendre un rendez-vous<\/a>[vc_separator type=\u00a0\u00bbtransparent\u00a0\u00bb down=\u00a0\u00bb30&Prime;][\/vc_column][\/vc_row]\n<\/div>","protected":false},"excerpt":{"rendered":"<p>[vc_row row_type=\u00a0\u00bbsection\u00a0\u00bb type=\u00a0\u00bbgrid\u00a0\u00bb text_align=\u00a0\u00bbleft\u00a0\u00bb video=\u00a0\u00bb\u00a0\u00bb background_color=\u00a0\u00bb#ffffff\u00a0\u00bb padding_top=\u00a0\u00bb80&Prime; padding_bottom=\u00a0\u00bb80&Prime;][vc_column width=\u00a0\u00bb1\/2&Prime;][vc_row_inner row_type=\u00a0\u00bbrow\u00a0\u00bb text_align=\u00a0\u00bbcenter\u00a0\u00bb css_animation=\u00a0\u00bbelement_from_fade\u00a0\u00bb][vc_column_inner][vc_single_image image=\u00a0\u00bb10353&Prime; img_size=\u00a0\u00bbfull\u00a0\u00bb style=\u00a0\u00bbvc_box_shadow_3d\u00a0\u00bb][\/vc_column_inner][\/vc_row_inner][\/vc_column][vc_column width=\u00a0\u00bb1\/2&Prime;][vc_row_inner row_type=\u00a0\u00bbrow\u00a0\u00bb text_align=\u00a0\u00bbleft\u00a0\u00bb css_animation=\u00a0\u00bb\u00a0\u00bb][vc_column_inner][vc_column_text] Le BB glow et le micro needling [\/vc_column_text][vc_separator type=\u00a0\u00bbtransparent\u00a0\u00bb up=\u00a0\u00bb12&Prime; down=\u00a0\u00bb12&Prime;][vc_column_text]Je vous conseille le\u00a0micro needling BB glow\u00a0pour un traitement rajeunissant de votre peau du visage et&#8230;<\/p>\n","protected":false},"author":1,"featured_media":0,"parent":0,"menu_order":0,"comment_status":"closed","ping_status":"closed","template":"full_width.php","meta":{"footnotes":""},"class_list":["post-9171","page","type-page","status-publish","hentry"],"yoast_head":"<!-- This site is optimized with the Yoast SEO plugin v27.4 - https:\/\/yoast.com\/product\/yoast-seo-wordpress\/ -->\n<title>Le BB glow et micro needling<\/title>\n<meta name=\"description\" content=\"Le BB glow et le micro needling sont des traitements rajeunissants de la peau du visage, des yeux. Anti t\u00e2ches, anti cernes, anti rides\" \/>\n<meta name=\"robots\" content=\"index, follow, max-snippet:-1, max-image-preview:large, max-video-preview:-1\" \/>\n<link rel=\"canonical\" href=\"https:\/\/www.angellelui.ch\/new\/le-bb-glow-et-micro-needling\/\" \/>\n<meta property=\"og:locale\" content=\"fr_FR\" \/>\n<meta property=\"og:type\" content=\"article\" \/>\n<meta property=\"og:title\" content=\"Le BB glow et micro needling\" \/>\n<meta property=\"og:description\" content=\"Le BB glow et le micro needling sont des traitements rajeunissants de la peau du visage, des yeux. Anti t\u00e2ches, anti cernes, anti rides\" \/>\n<meta property=\"og:url\" content=\"https:\/\/www.angellelui.ch\/new\/le-bb-glow-et-micro-needling\/\" \/>\n<meta property=\"og:site_name\" content=\"Ang&#039;elle &amp; lui \u00e0 Gland\" \/>\n<meta property=\"article:publisher\" content=\"https:\/\/www.facebook.com\/AngelleluiVanessa\/\" \/>\n<meta property=\"article:modified_time\" content=\"2023-04-04T15:29:40+00:00\" \/>\n<meta name=\"twitter:label1\" content=\"Dur\u00e9e de lecture estim\u00e9e\" \/>\n\t<meta name=\"twitter:data1\" content=\"4 minutes\" \/>\n<script type=\"application\/ld+json\" class=\"yoast-schema-graph\">{\"@context\":\"https:\\\/\\\/schema.org\",\"@graph\":[{\"@type\":\"WebPage\",\"@id\":\"https:\\\/\\\/www.angellelui.ch\\\/new\\\/le-bb-glow-et-micro-needling\\\/\",\"url\":\"https:\\\/\\\/www.angellelui.ch\\\/new\\\/le-bb-glow-et-micro-needling\\\/\",\"name\":\"Le BB glow et micro needling\",\"isPartOf\":{\"@id\":\"https:\\\/\\\/www.angellelui.ch\\\/new\\\/#website\"},\"datePublished\":\"2015-02-10T12:18:52+00:00\",\"dateModified\":\"2023-04-04T15:29:40+00:00\",\"description\":\"Le BB glow et le micro needling sont des traitements rajeunissants de la peau du visage, des yeux. Anti t\u00e2ches, anti cernes, anti rides\",\"breadcrumb\":{\"@id\":\"https:\\\/\\\/www.angellelui.ch\\\/new\\\/le-bb-glow-et-micro-needling\\\/#breadcrumb\"},\"inLanguage\":\"fr-FR\",\"potentialAction\":[{\"@type\":\"ReadAction\",\"target\":[\"https:\\\/\\\/www.angellelui.ch\\\/new\\\/le-bb-glow-et-micro-needling\\\/\"]}]},{\"@type\":\"BreadcrumbList\",\"@id\":\"https:\\\/\\\/www.angellelui.ch\\\/new\\\/le-bb-glow-et-micro-needling\\\/#breadcrumb\",\"itemListElement\":[{\"@type\":\"ListItem\",\"position\":1,\"name\":\"Accueil\",\"item\":\"https:\\\/\\\/www.angellelui.ch\\\/new\\\/\"},{\"@type\":\"ListItem\",\"position\":2,\"name\":\"Le BB glow et micro needling\"}]},{\"@type\":\"WebSite\",\"@id\":\"https:\\\/\\\/www.angellelui.ch\\\/new\\\/#website\",\"url\":\"https:\\\/\\\/www.angellelui.ch\\\/new\\\/\",\"name\":\"Ang'elle & lui \u00e0 Gland\",\"description\":\"Institut de beaut\u00e9 pour votre bien-\u00eatre \u00e0 Gland\",\"potentialAction\":[{\"@type\":\"SearchAction\",\"target\":{\"@type\":\"EntryPoint\",\"urlTemplate\":\"https:\\\/\\\/www.angellelui.ch\\\/new\\\/?s={search_term_string}\"},\"query-input\":{\"@type\":\"PropertyValueSpecification\",\"valueRequired\":true,\"valueName\":\"search_term_string\"}}],\"inLanguage\":\"fr-FR\"}]}<\/script>\n<!-- \/ Yoast SEO plugin. -->","yoast_head_json":{"title":"Le BB glow et micro needling","description":"Le BB glow et le micro needling sont des traitements rajeunissants de la peau du visage, des yeux. Anti t\u00e2ches, anti cernes, anti rides","robots":{"index":"index","follow":"follow","max-snippet":"max-snippet:-1","max-image-preview":"max-image-preview:large","max-video-preview":"max-video-preview:-1"},"canonical":"https:\/\/www.angellelui.ch\/new\/le-bb-glow-et-micro-needling\/","og_locale":"fr_FR","og_type":"article","og_title":"Le BB glow et micro needling","og_description":"Le BB glow et le micro needling sont des traitements rajeunissants de la peau du visage, des yeux. Anti t\u00e2ches, anti cernes, anti rides","og_url":"https:\/\/www.angellelui.ch\/new\/le-bb-glow-et-micro-needling\/","og_site_name":"Ang&#039;elle &amp; lui \u00e0 Gland","article_publisher":"https:\/\/www.facebook.com\/AngelleluiVanessa\/","article_modified_time":"2023-04-04T15:29:40+00:00","twitter_misc":{"Dur\u00e9e de lecture estim\u00e9e":"4 minutes"},"schema":{"@context":"https:\/\/schema.org","@graph":[{"@type":"WebPage","@id":"https:\/\/www.angellelui.ch\/new\/le-bb-glow-et-micro-needling\/","url":"https:\/\/www.angellelui.ch\/new\/le-bb-glow-et-micro-needling\/","name":"Le BB glow et micro needling","isPartOf":{"@id":"https:\/\/www.angellelui.ch\/new\/#website"},"datePublished":"2015-02-10T12:18:52+00:00","dateModified":"2023-04-04T15:29:40+00:00","description":"Le BB glow et le micro needling sont des traitements rajeunissants de la peau du visage, des yeux. Anti t\u00e2ches, anti cernes, anti rides","breadcrumb":{"@id":"https:\/\/www.angellelui.ch\/new\/le-bb-glow-et-micro-needling\/#breadcrumb"},"inLanguage":"fr-FR","potentialAction":[{"@type":"ReadAction","target":["https:\/\/www.angellelui.ch\/new\/le-bb-glow-et-micro-needling\/"]}]},{"@type":"BreadcrumbList","@id":"https:\/\/www.angellelui.ch\/new\/le-bb-glow-et-micro-needling\/#breadcrumb","itemListElement":[{"@type":"ListItem","position":1,"name":"Accueil","item":"https:\/\/www.angellelui.ch\/new\/"},{"@type":"ListItem","position":2,"name":"Le BB glow et micro needling"}]},{"@type":"WebSite","@id":"https:\/\/www.angellelui.ch\/new\/#website","url":"https:\/\/www.angellelui.ch\/new\/","name":"Ang'elle & lui \u00e0 Gland","description":"Institut de beaut\u00e9 pour votre bien-\u00eatre \u00e0 Gland","potentialAction":[{"@type":"SearchAction","target":{"@type":"EntryPoint","urlTemplate":"https:\/\/www.angellelui.ch\/new\/?s={search_term_string}"},"query-input":{"@type":"PropertyValueSpecification","valueRequired":true,"valueName":"search_term_string"}}],"inLanguage":"fr-FR"}]}},"_links":{"self":[{"href":"https:\/\/www.angellelui.ch\/new\/wp-json\/wp\/v2\/pages\/9171","targetHints":{"allow":["GET"]}}],"collection":[{"href":"https:\/\/www.angellelui.ch\/new\/wp-json\/wp\/v2\/pages"}],"about":[{"href":"https:\/\/www.angellelui.ch\/new\/wp-json\/wp\/v2\/types\/page"}],"author":[{"embeddable":true,"href":"https:\/\/www.angellelui.ch\/new\/wp-json\/wp\/v2\/users\/1"}],"replies":[{"embeddable":true,"href":"https:\/\/www.angellelui.ch\/new\/wp-json\/wp\/v2\/comments?post=9171"}],"version-history":[{"count":9,"href":"https:\/\/www.angellelui.ch\/new\/wp-json\/wp\/v2\/pages\/9171\/revisions"}],"predecessor-version":[{"id":10678,"href":"https:\/\/www.angellelui.ch\/new\/wp-json\/wp\/v2\/pages\/9171\/revisions\/10678"}],"wp:attachment":[{"href":"https:\/\/www.angellelui.ch\/new\/wp-json\/wp\/v2\/media?parent=9171"}],"curies":[{"name":"wp","href":"https:\/\/api.w.org\/{rel}","templated":true}]}}